{"id":1003,"date":"2019-12-20T10:50:21","date_gmt":"2019-12-20T09:50:21","guid":{"rendered":"https:\/\/taxservice.net.pl\/?page_id=1003"},"modified":"2022-03-14T11:45:26","modified_gmt":"2022-03-14T10:45:26","slug":"ksiegowosc","status":"publish","type":"page","link":"https:\/\/taxservice.net.pl\/en\/ksiegowosc\/","title":{"rendered":"Bookkeeping"},"content":{"rendered":"<div data-elementor-type=\"wp-post\" data-elementor-id=\"1003\" class=\"elementor elementor-1003\" data-elementor-post-type=\"page\">\n\t\t\t\t\t\t<section class=\"elementor-section elementor-top-section elementor-element elementor-element-2a2e4f1 elementor-section-boxed elementor-section-height-default elementor-section-height-default\" data-id=\"2a2e4f1\" data-element_type=\"section\" data-e-type=\"section\">\n\t\t\t\t\t\t<div class=\"elementor-container elementor-column-gap-default\">\n\t\t\t\t\t<div class=\"elementor-column elementor-col-100 elementor-top-column elementor-element elementor-element-f2be834\" data-id=\"f2be834\" data-element_type=\"column\" data-e-type=\"column\">\n\t\t\t<div class=\"elementor-widget-wrap elementor-element-populated\">\n\t\t\t\t\t\t<div class=\"elementor-element elementor-element-a90e4ae elementor-widget elementor-widget-heading\" data-id=\"a90e4ae\" data-element_type=\"widget\" data-e-type=\"widget\" data-widget_type=\"heading.default\">\n\t\t\t\t<div class=\"elementor-widget-container\">\n\t\t\t\t\t<h1 class=\"elementor-heading-title elementor-size-default\">Bookkeeping<\/h1>\t\t\t\t<\/div>\n\t\t\t\t<\/div>\n\t\t\t\t\t<\/div>\n\t\t<\/div>\n\t\t\t\t\t<\/div>\n\t\t<\/section>\n\t\t\t\t<section class=\"elementor-section elementor-top-section elementor-element elementor-element-d3cba9b elementor-section-boxed elementor-section-height-default elementor-section-height-default\" data-id=\"d3cba9b\" data-element_type=\"section\" data-e-type=\"section\">\n\t\t\t\t\t\t<div class=\"elementor-container elementor-column-gap-default\">\n\t\t\t\t\t<div class=\"elementor-column elementor-col-50 elementor-top-column elementor-element elementor-element-279567f\" data-id=\"279567f\" data-element_type=\"column\" data-e-type=\"column\">\n\t\t\t<div class=\"elementor-widget-wrap elementor-element-populated\">\n\t\t\t\t\t\t<div class=\"elementor-element elementor-element-7ceb3b0 elementor-widget elementor-widget-image\" data-id=\"7ceb3b0\" data-element_type=\"widget\" data-e-type=\"widget\" data-widget_type=\"image.default\">\n\t\t\t\t<div class=\"elementor-widget-container\">\n\t\t\t\t\t\t\t\t\t\t\t\t\t\t\t<img fetchpriority=\"high\" decoding=\"async\" width=\"1024\" height=\"682\" src=\"https:\/\/taxservice.net.pl\/wp-content\/uploads\/2019\/04\/Strona_1-1024x682.jpg\" class=\"attachment-large size-large wp-image-616\" alt=\"\" srcset=\"https:\/\/taxservice.net.pl\/wp-content\/uploads\/2019\/04\/Strona_1-1024x682.jpg 1024w, https:\/\/taxservice.net.pl\/wp-content\/uploads\/2019\/04\/Strona_1-300x200.jpg 300w, https:\/\/taxservice.net.pl\/wp-content\/uploads\/2019\/04\/Strona_1-768x512.jpg 768w, https:\/\/taxservice.net.pl\/wp-content\/uploads\/2019\/04\/Strona_1.jpg 1688w\" sizes=\"(max-width: 1024px) 100vw, 1024px\" \/>\t\t\t\t\t\t\t\t\t\t\t\t\t\t\t<\/div>\n\t\t\t\t<\/div>\n\t\t\t\t\t<\/div>\n\t\t<\/div>\n\t\t\t\t<div class=\"elementor-column elementor-col-50 elementor-top-column elementor-element elementor-element-2e0040b\" data-id=\"2e0040b\" data-element_type=\"column\" data-e-type=\"column\">\n\t\t\t<div class=\"elementor-widget-wrap elementor-element-populated\">\n\t\t\t\t\t\t<div class=\"elementor-element elementor-element-61d2e49 elementor-widget elementor-widget-text-editor\" data-id=\"61d2e49\" data-element_type=\"widget\" data-e-type=\"widget\" data-widget_type=\"text-editor.default\">\n\t\t\t\t<div class=\"elementor-widget-container\">\n\t\t\t\t\t\t\t\t\t<ul><li>Keeping accounting and tax books<\/li><li>Monthly settlements and VAT and JPK declarations<\/li><li>Preparation of tax and reporting declarations<\/li><li>Representation before the Tax Office, Tax Office and Tax Chamber<\/li><li>Removing tax arrears and ZUS<\/li><li>Keeping records of purchases and sales<\/li><li>Preparation of income statements and balance sheets<\/li><li>Accounting services in Polish and English<\/li><\/ul>\t\t\t\t\t\t\t\t<\/div>\n\t\t\t\t<\/div>\n\t\t\t\t\t<\/div>\n\t\t<\/div>\n\t\t\t\t\t<\/div>\n\t\t<\/section>\n\t\t\t\t<section class=\"elementor-section elementor-top-section elementor-element elementor-element-b5d2000 elementor-section-boxed elementor-section-height-default elementor-section-height-default\" data-id=\"b5d2000\" data-element_type=\"section\" data-e-type=\"section\">\n\t\t\t\t\t\t<div class=\"elementor-container elementor-column-gap-default\">\n\t\t\t\t\t<div class=\"elementor-column elementor-col-100 elementor-top-column elementor-element elementor-element-82c9ff0\" data-id=\"82c9ff0\" data-element_type=\"column\" data-e-type=\"column\">\n\t\t\t<div class=\"elementor-widget-wrap elementor-element-populated\">\n\t\t\t\t\t\t<div class=\"elementor-element elementor-element-8e397f7 elementor-widget elementor-widget-text-editor\" data-id=\"8e397f7\" data-element_type=\"widget\" data-e-type=\"widget\" data-widget_type=\"text-editor.default\">\n\t\t\t\t<div class=\"elementor-widget-container\">\n\t\t\t\t\t\t\t\t\t<p><span style=\"color: #000000;\">Pomo\u017cemy Ci w profesjonalny i efektywny spos\u00f3b prowadzi\u0107 Ksi\u0119gowo\u015b\u0107 Warszawa Mokot\u00f3w. Nasz do\u015bwiadczony zesp\u00f3\u0142 od wielu lat wspiera w tym zakresie polskich przedsi\u0119biorc\u00f3w, co potwierdzaj\u0105 nasi zadowoleni klienci. Z nasz\u0105 pomoc\u0105 unikniesz b\u0142\u0119d\u00f3w, prawid\u0142owo rozliczysz podatki, wy\u015blesz na czas deklaracje VAT, a tak\u017ce uporasz si\u0119 z szeregiem innych spraw zwi\u0105zanych z prowadzeniem firmy. Im wi\u0119kszy biznes, tym liczniejsze i powa\u017cniejsze problemy sprawia wype\u0142nianie dokument\u00f3w. Zaufaj nam ju\u017c na pocz\u0105tku swojej drogi, a przekonasz si\u0119, jak szybko nasza wsp\u00f3\u0142praca zaowocuje satysfakcjonuj\u0105cymi efektami. B\u0119dziemy Ci towarzyszy\u0107 na ka\u017cdym etapie rozwoju, s\u0142u\u017c\u0105c rad\u0105 i pomoc\u0105 na wielu polach zwi\u0105zanych z ksi\u0119gowo\u015bci\u0105.<\/span><\/p><h2><span style=\"color: #000000;\">Profesjonalna Ksi\u0119gowo\u015b\u0107 Warszawa Mokot\u00f3w<\/span><\/h2><p><span style=\"color: #000000;\">Zajmujemy si\u0119 prowadzeniem ksi\u0105g rachunkowych i podatkowych. Mamy tak\u017ce specjalist\u00f3w od comiesi\u0119cznych rozlicze\u0144 oraz deklaracji VAT i JPK. Korzystaj\u0105c z naszych us\u0142ug, nie b\u0119dziesz musia\u0142 wi\u0119cej przejmowa\u0107 si\u0119 samodzielnym sporz\u0105dzaniem deklaracji podatkowych oraz sprawozdawczych, kt\u00f3re s\u0105 niezwykle czasoch\u0142onne. Co wi\u0119cej, bierzemy pe\u0142n\u0105 odpowiedzialno\u015b\u0107 za podejmowane przez nas dzia\u0142ania, dlatego mo\u017cesz liczy\u0107 na to, \u017ce b\u0119dziemy reprezentowali Ci\u0119 przed Urz\u0119dem Skarbowym, UKS oraz Izb\u0105 Skarbow\u0105. Wszystko to ma na celu zapewnienie Ci komfortu oraz poczucie bezpiecze\u0144stwa. Dzi\u0119ki nim b\u0119dziesz m\u00f3g\u0142 skupi\u0107 si\u0119 bez przeszk\u00f3d na zarz\u0105dzaniu firm\u0105, a nie jej kwestiach ksi\u0119gowych.<\/span><\/p><h3><span style=\"color: #000000;\">Kompleksowa Obs\u0142uga Ksi\u0119gowa Warszawa Mokot\u00f3w w j\u0119zyku polskim i angielskim<\/span><\/h3><p><span style=\"color: #000000;\">W nasze r\u0119ce powierzy\u0107 mo\u017cesz tak\u017ce prowadzenie ewidencji zakup\u00f3w i sprzeda\u017cy czy sporz\u0105dzanie rachunk\u00f3w, wynik\u00f3w oraz bilans\u00f3w. W naszym szerokim pakiecie us\u0142ug znalaz\u0142o si\u0119 te\u017c wyprowadzanie zaleg\u0142o\u015bci podatkowych i ZUS. Jak widzisz, dzia\u0142amy kompleksowo i jeste\u015bmy w stanie skutecznie pom\u00f3c ka\u017cdemu rodzajowi dzia\u0142alno\u015bci, niezale\u017cnie od jego systemu rozlicze\u0144 czy sposobu odprowadzania podatk\u00f3w. Prowadzona przez nas Obs\u0142uga Ksi\u0119gowa Warszawa Mokot\u00f3w jest w j\u0119zyku polskim oraz angielskim, wi\u0119c doskonale dostosowujemy si\u0119 do wszelkich potrzeb naszych klient\u00f3w. Zdejmij ze swoich bark\u00f3w ci\u0119\u017car ksi\u0119gowo\u015bci i powierz go nam \u2013 profesjonalistom, kt\u00f3rzy zajm\u0105 si\u0119 wszystkim za Ciebie.<\/span><\/p>\t\t\t\t\t\t\t\t<\/div>\n\t\t\t\t<\/div>\n\t\t\t\t\t<\/div>\n\t\t<\/div>\n\t\t\t\t\t<\/div>\n\t\t<\/section>\n\t\t\t\t<\/div>","protected":false},"excerpt":{"rendered":"<p>Ksi\u0119gowo\u015b\u0107 Prowadzenie ksi\u0105g rachunkowych i podatkowych Miesi\u0119czne rozliczenia oraz deklaracje VAT i JPK Sporz\u0105dzanie deklaracji podatkowych oraz sprawozdawczych Reprezentowanie przed Urz\u0119dem Skarbowy, UKS i Izb\u0105 Skarbow\u0105 Wyprowadzanie zaleg\u0142o\u015bci podatkowych i ZUS Prowadzenie ewidencji zakup\u00f3w i &#8230; <\/p>\n<p class=\"read-more-container\"><a title=\"Bookkeeping\" class=\"read-more button\" href=\"https:\/\/taxservice.net.pl\/en\/ksiegowosc\/#more-1003\" aria-label=\"Read more about Ksi\u0119gowo\u015b\u0107\">Read More<\/a><\/p>","protected":false},"author":2,"featured_media":0,"parent":0,"menu_order":0,"comment_status":"closed","ping_status":"closed","template":"","meta":{"inline_featured_image":false,"footnotes":""},"class_list":{"0":"post-1003","1":"page","2":"type-page","3":"status-publish","5":"no-featured-image-padding"},"_links":{"self":[{"href":"https:\/\/taxservice.net.pl\/en\/wp-json\/wp\/v2\/pages\/1003","targetHints":{"allow":["GET"]}}],"collection":[{"href":"https:\/\/taxservice.net.pl\/en\/wp-json\/wp\/v2\/pages"}],"about":[{"href":"https:\/\/taxservice.net.pl\/en\/wp-json\/wp\/v2\/types\/page"}],"author":[{"embeddable":true,"href":"https:\/\/taxservice.net.pl\/en\/wp-json\/wp\/v2\/users\/2"}],"replies":[{"embeddable":true,"href":"https:\/\/taxservice.net.pl\/en\/wp-json\/wp\/v2\/comments?post=1003"}],"version-history":[{"count":6,"href":"https:\/\/taxservice.net.pl\/en\/wp-json\/wp\/v2\/pages\/1003\/revisions"}],"predecessor-version":[{"id":1066,"href":"https:\/\/taxservice.net.pl\/en\/wp-json\/wp\/v2\/pages\/1003\/revisions\/1066"}],"wp:attachment":[{"href":"https:\/\/taxservice.net.pl\/en\/wp-json\/wp\/v2\/media?parent=1003"}],"curies":[{"name":"wp","href":"https:\/\/api.w.org\/{rel}","templated":true}]}}