{"id":1015,"date":"2020-01-13T12:20:26","date_gmt":"2020-01-13T11:20:26","guid":{"rendered":"https:\/\/taxservice.net.pl\/?page_id=1015"},"modified":"2022-03-14T11:43:23","modified_gmt":"2022-03-14T10:43:23","slug":"doradztwo-podatkowe","status":"publish","type":"page","link":"https:\/\/taxservice.net.pl\/en\/doradztwo-podatkowe\/","title":{"rendered":"Tax consultancy"},"content":{"rendered":"<div data-elementor-type=\"wp-post\" data-elementor-id=\"1015\" class=\"elementor elementor-1015\" data-elementor-post-type=\"page\">\n\t\t\t\t\t\t<section class=\"elementor-section elementor-top-section elementor-element elementor-element-5ad30e5 elementor-section-boxed elementor-section-height-default elementor-section-height-default\" data-id=\"5ad30e5\" data-element_type=\"section\" data-e-type=\"section\">\n\t\t\t\t\t\t<div class=\"elementor-container elementor-column-gap-default\">\n\t\t\t\t\t<div class=\"elementor-column elementor-col-100 elementor-top-column elementor-element elementor-element-275a14b\" data-id=\"275a14b\" data-element_type=\"column\" data-e-type=\"column\">\n\t\t\t<div class=\"elementor-widget-wrap elementor-element-populated\">\n\t\t\t\t\t\t<div class=\"elementor-element elementor-element-a21835b elementor-widget elementor-widget-heading\" data-id=\"a21835b\" data-element_type=\"widget\" data-e-type=\"widget\" data-widget_type=\"heading.default\">\n\t\t\t\t<div class=\"elementor-widget-container\">\n\t\t\t\t\t<h1 class=\"elementor-heading-title elementor-size-default\">Tax consultancy<\/h1>\t\t\t\t<\/div>\n\t\t\t\t<\/div>\n\t\t\t\t\t<\/div>\n\t\t<\/div>\n\t\t\t\t\t<\/div>\n\t\t<\/section>\n\t\t\t\t<section class=\"elementor-section elementor-top-section elementor-element elementor-element-a88f642 elementor-section-boxed elementor-section-height-default elementor-section-height-default\" data-id=\"a88f642\" data-element_type=\"section\" data-e-type=\"section\">\n\t\t\t\t\t\t<div class=\"elementor-container elementor-column-gap-default\">\n\t\t\t\t\t<div class=\"elementor-column elementor-col-50 elementor-top-column elementor-element elementor-element-7665332\" data-id=\"7665332\" data-element_type=\"column\" data-e-type=\"column\">\n\t\t\t<div class=\"elementor-widget-wrap elementor-element-populated\">\n\t\t\t\t\t\t<div class=\"elementor-element elementor-element-492dac5 elementor-widget elementor-widget-image\" data-id=\"492dac5\" data-element_type=\"widget\" data-e-type=\"widget\" data-widget_type=\"image.default\">\n\t\t\t\t<div class=\"elementor-widget-container\">\n\t\t\t\t\t\t\t\t\t\t\t\t\t\t\t<img fetchpriority=\"high\" decoding=\"async\" width=\"1024\" height=\"682\" src=\"https:\/\/taxservice.net.pl\/wp-content\/uploads\/2019\/06\/Kadry-i-p\u0142ace-doradztwo-podatkowe-sprawozdawczosc-1024x682.jpg\" class=\"attachment-large size-large wp-image-781\" alt=\"kadry i p\u0142ace oraz Doradztwo podatkowe\" srcset=\"https:\/\/taxservice.net.pl\/wp-content\/uploads\/2019\/06\/Kadry-i-p\u0142ace-doradztwo-podatkowe-sprawozdawczosc.jpg 1024w, https:\/\/taxservice.net.pl\/wp-content\/uploads\/2019\/06\/Kadry-i-p\u0142ace-doradztwo-podatkowe-sprawozdawczosc-300x200.jpg 300w, https:\/\/taxservice.net.pl\/wp-content\/uploads\/2019\/06\/Kadry-i-p\u0142ace-doradztwo-podatkowe-sprawozdawczosc-768x512.jpg 768w\" sizes=\"(max-width: 1024px) 100vw, 1024px\" \/>\t\t\t\t\t\t\t\t\t\t\t\t\t\t\t<\/div>\n\t\t\t\t<\/div>\n\t\t\t\t\t<\/div>\n\t\t<\/div>\n\t\t\t\t<div class=\"elementor-column elementor-col-50 elementor-top-column elementor-element elementor-element-c92e3bf\" data-id=\"c92e3bf\" data-element_type=\"column\" data-e-type=\"column\">\n\t\t\t<div class=\"elementor-widget-wrap elementor-element-populated\">\n\t\t\t\t\t\t<div class=\"elementor-element elementor-element-da45a3d elementor-widget elementor-widget-text-editor\" data-id=\"da45a3d\" data-element_type=\"widget\" data-e-type=\"widget\" data-widget_type=\"text-editor.default\">\n\t\t\t\t<div class=\"elementor-widget-container\">\n\t\t\t\t\t\t\t\t\t<ul><li>Tax consultations for the company and business operations<\/li><li>Optimization of costs related to running a business<\/li><li>Documentation audit<\/li><li>Payment and receivables analysis<\/li><li>Financial analyzes (forecasts, Business Plan, reporting reports)<\/li><li>Settlement of subsidies<\/li><\/ul>\t\t\t\t\t\t\t\t<\/div>\n\t\t\t\t<\/div>\n\t\t\t\t\t<\/div>\n\t\t<\/div>\n\t\t\t\t\t<\/div>\n\t\t<\/section>\n\t\t\t\t<section class=\"elementor-section elementor-top-section elementor-element elementor-element-7db40bd elementor-section-boxed elementor-section-height-default elementor-section-height-default\" data-id=\"7db40bd\" data-element_type=\"section\" data-e-type=\"section\">\n\t\t\t\t\t\t<div class=\"elementor-container elementor-column-gap-default\">\n\t\t\t\t\t<div class=\"elementor-column elementor-col-100 elementor-top-column elementor-element elementor-element-69bcca3\" data-id=\"69bcca3\" data-element_type=\"column\" data-e-type=\"column\">\n\t\t\t<div class=\"elementor-widget-wrap elementor-element-populated\">\n\t\t\t\t\t\t<div class=\"elementor-element elementor-element-9d75a51 elementor-widget elementor-widget-text-editor\" data-id=\"9d75a51\" data-element_type=\"widget\" data-e-type=\"widget\" data-widget_type=\"text-editor.default\">\n\t\t\t\t<div class=\"elementor-widget-container\">\n\t\t\t\t\t\t\t\t\t<p><span style=\"color: #000000;\">Chcesz skorzysta\u0107 z us\u0142ug Doradztwo Podatkowe Warszawa Mokot\u00f3w? Doskonale trafi\u0142e\u015b, bo zapewniamy pe\u0142ne wsparcie i kompleksowy pakiet us\u0142ug, kt\u00f3re u\u0142atwi\u0105 Ci rozliczanie dzia\u0142alno\u015bci. Kwestie podatkowe bywaj\u0105 skomplikowane, my jednak zrobimy wszystko, \u017ceby\u015b podj\u0105\u0142 najlepsze i najkorzystniejsze decyzje dla swojej firmy.<\/span><\/p><h2><span style=\"color: #000000;\">Doradztwo Podatkowe Warszawa Mokot\u00f3w<\/span><\/h2><p><span style=\"color: #000000;\">Oferujemy konsultacje podatkowe dotycz\u0105ce sp\u00f3\u0142ek oraz r\u00f3\u017cnego rodzaju dzia\u0142alno\u015bci gospodarczych. Zajmujemy si\u0119 tak\u017ce optymalizacj\u0105 koszt\u00f3w zwi\u0105zanych z prowadzeniem firmy, a co wi\u0119cej, na \u017cyczenie przeprowadzamy audyty dokumentacji. Korzystaj\u0105c z naszych us\u0142ug, mo\u017cesz mie\u0107 pewno\u015b\u0107, \u017ce powierzasz swoje sprawy do\u015bwiadczonym specjalistom, nasz zesp\u00f3\u0142 bowiem ju\u017c od lat \u015bwiadczy us\u0142ugi polskim przedsi\u0119biorcom. Efektem naszej dzia\u0142alno\u015bci jest wielu zadowolonych klient\u00f3w oraz dziesi\u0105tki przedsi\u0119biorstw, kt\u00f3rym uda\u0142o nam si\u0119 pom\u00f3c.<\/span><\/p><h3><span style=\"color: #000000;\">Audyty dokumentacji, optymalizacja koszt\u00f3w zwi\u0105zane z prowadzeniem dzia\u0142alno\u015bci gospodarczej, analizy finansowe \u2013 Doradztwo Podatkowe Warszawa Mokot\u00f3w<\/span><\/h3><p><span style=\"color: #000000;\">W ramach us\u0142ug Doradztwo Podatkowe Warszawa Mokot\u00f3w oferuje szczeg\u00f3\u0142owe analizy p\u0142atno\u015bci oraz nale\u017cno\u015bci, a tak\u017ce skrupulatnie wykonywane analizy finansowe. Nasze do\u015bwiadczenie pozwala nam na tworzenie kompleksowych prognoz oraz Business Plan\u00f3w, dzi\u0119ki kt\u00f3rym zorientujesz si\u0119, w jakim kierunku powiniene\u015b dalej rozwija\u0107 swoj\u0105 firm\u0119. Mo\u017cemy Ci zapewni\u0107 tak\u017ce profesjonalnie wykonane raporty sprawozdawcze, kt\u00f3re pomog\u0105 Ci zorientowa\u0107 si\u0119 w sytuacji i kondycji finansowej biznesu. Na ich podstawie b\u0119dziesz m\u00f3g\u0142 w \u0142atwy spos\u00f3b podejmowa\u0107 rozwa\u017cne, odpowiedzialne decyzje, zmierzaj\u0105ce do bezustannego rozwoju dzia\u0142alno\u015bci.<\/span><\/p><p><span style=\"color: #000000;\">Obecnie wiele polskich firm korzysta z r\u00f3\u017cnego rodzaju dofinansowa\u0144, dotacji oraz program\u00f3w krajowych czy zagranicznych. Wszystkie one s\u0105 ograniczone bardzo szczeg\u00f3\u0142owymi wytycznymi, jednak otrzymanie ich mo\u017ce by\u0107 szans\u0105 zwi\u0105zan\u0105 ze znacznym zastrzykiem got\u00f3wki. W ramach takiego wsparcia mo\u017cliwa jest np. inwestycja w sprz\u0119t, zakup produkt\u00f3w, akcje marketingowe oraz podj\u0119cie szeregu innych dzia\u0142a\u0144 zmierzaj\u0105cych do rozwoju przedsi\u0119biorstwa. Problem pojawia si\u0119 dopiero w chwili konieczno\u015bci op\u0142acenia podatk\u00f3w, jednak o to r\u00f3wnie\u017c nie b\u0119dziesz musia\u0142 si\u0119 martwi\u0107. Zajmujemy si\u0119 tak\u017ce profesjonalnym rozliczaniem dotacji. Zaufaj Doradztwo Podatkowe Warszawa Mokot\u00f3w i przekonaj si\u0119, jak przyjemne mo\u017ce by\u0107 prowadzenie firmy.<\/span><\/p>\t\t\t\t\t\t\t\t<\/div>\n\t\t\t\t<\/div>\n\t\t\t\t\t<\/div>\n\t\t<\/div>\n\t\t\t\t\t<\/div>\n\t\t<\/section>\n\t\t\t\t<\/div>","protected":false},"excerpt":{"rendered":"<p>Doradztwo podatkowe Konsultacje podatkowe prowadzonej sp\u00f3\u0142ki oraz dzia\u0142alno\u015bci gospodarczej Optymalizacja koszt\u00f3w zwi\u0105zanych z prowadzeniem dzia\u0142alno\u015bci gospodarczej Audyt dokumentacji Analiza p\u0142atno\u015bci i nale\u017cno\u015bci Analizy finansowe (prognozy, Business Plan, raporty sprawozdawcze) Rozliczanie dotacji Chcesz skorzysta\u0107 z us\u0142ug &#8230; <\/p>\n<p class=\"read-more-container\"><a title=\"Tax consultancy\" class=\"read-more button\" href=\"https:\/\/taxservice.net.pl\/en\/doradztwo-podatkowe\/#more-1015\" aria-label=\"Read more about Doradztwo podatkowe\">Read More<\/a><\/p>","protected":false},"author":2,"featured_media":0,"parent":0,"menu_order":0,"comment_status":"closed","ping_status":"closed","template":"","meta":{"inline_featured_image":false,"footnotes":""},"class_list":{"0":"post-1015","1":"page","2":"type-page","3":"status-publish","5":"no-featured-image-padding"},"_links":{"self":[{"href":"https:\/\/taxservice.net.pl\/en\/wp-json\/wp\/v2\/pages\/1015","targetHints":{"allow":["GET"]}}],"collection":[{"href":"https:\/\/taxservice.net.pl\/en\/wp-json\/wp\/v2\/pages"}],"about":[{"href":"https:\/\/taxservice.net.pl\/en\/wp-json\/wp\/v2\/types\/page"}],"author":[{"embeddable":true,"href":"https:\/\/taxservice.net.pl\/en\/wp-json\/wp\/v2\/users\/2"}],"replies":[{"embeddable":true,"href":"https:\/\/taxservice.net.pl\/en\/wp-json\/wp\/v2\/comments?post=1015"}],"version-history":[{"count":4,"href":"https:\/\/taxservice.net.pl\/en\/wp-json\/wp\/v2\/pages\/1015\/revisions"}],"predecessor-version":[{"id":1064,"href":"https:\/\/taxservice.net.pl\/en\/wp-json\/wp\/v2\/pages\/1015\/revisions\/1064"}],"wp:attachment":[{"href":"https:\/\/taxservice.net.pl\/en\/wp-json\/wp\/v2\/media?parent=1015"}],"curies":[{"name":"wp","href":"https:\/\/api.w.org\/{rel}","templated":true}]}}