{"id":1023,"date":"2020-01-13T12:28:22","date_gmt":"2020-01-13T11:28:22","guid":{"rendered":"https:\/\/taxservice.net.pl\/?page_id=1023"},"modified":"2022-03-14T11:47:21","modified_gmt":"2022-03-14T10:47:21","slug":"obsluga-prawna","status":"publish","type":"page","link":"https:\/\/taxservice.net.pl\/en\/obsluga-prawna\/","title":{"rendered":"Legal support"},"content":{"rendered":"<div data-elementor-type=\"wp-post\" data-elementor-id=\"1023\" class=\"elementor elementor-1023\" data-elementor-post-type=\"page\">\n\t\t\t\t\t\t<section class=\"elementor-section elementor-top-section elementor-element elementor-element-d106d9f elementor-section-boxed elementor-section-height-default elementor-section-height-default\" data-id=\"d106d9f\" data-element_type=\"section\" data-e-type=\"section\">\n\t\t\t\t\t\t<div class=\"elementor-container elementor-column-gap-default\">\n\t\t\t\t\t<div class=\"elementor-column elementor-col-100 elementor-top-column elementor-element elementor-element-1114e4e\" data-id=\"1114e4e\" data-element_type=\"column\" data-e-type=\"column\">\n\t\t\t<div class=\"elementor-widget-wrap elementor-element-populated\">\n\t\t\t\t\t\t<div class=\"elementor-element elementor-element-f9235e7 elementor-widget elementor-widget-heading\" data-id=\"f9235e7\" data-element_type=\"widget\" data-e-type=\"widget\" data-widget_type=\"heading.default\">\n\t\t\t\t<div class=\"elementor-widget-container\">\n\t\t\t\t\t<h1 class=\"elementor-heading-title elementor-size-default\">Legal support\n<\/h1>\t\t\t\t<\/div>\n\t\t\t\t<\/div>\n\t\t\t\t\t<\/div>\n\t\t<\/div>\n\t\t\t\t\t<\/div>\n\t\t<\/section>\n\t\t\t\t<section class=\"elementor-section elementor-top-section elementor-element elementor-element-8c83615 elementor-section-boxed elementor-section-height-default elementor-section-height-default\" data-id=\"8c83615\" data-element_type=\"section\" data-e-type=\"section\">\n\t\t\t\t\t\t<div class=\"elementor-container elementor-column-gap-default\">\n\t\t\t\t\t<div class=\"elementor-column elementor-col-50 elementor-top-column elementor-element elementor-element-f5b138a\" data-id=\"f5b138a\" data-element_type=\"column\" data-e-type=\"column\">\n\t\t\t<div class=\"elementor-widget-wrap elementor-element-populated\">\n\t\t\t\t\t\t<div class=\"elementor-element elementor-element-502e081 elementor-widget elementor-widget-image\" data-id=\"502e081\" data-element_type=\"widget\" data-e-type=\"widget\" data-widget_type=\"image.default\">\n\t\t\t\t<div class=\"elementor-widget-container\">\n\t\t\t\t\t\t\t\t\t\t\t\t\t\t\t<img fetchpriority=\"high\" decoding=\"async\" width=\"1024\" height=\"652\" src=\"https:\/\/taxservice.net.pl\/wp-content\/uploads\/2019\/06\/sp\u00f3\u0142ki-vat-obs\u0142uga-prawna-1024x652.jpg\" class=\"attachment-large size-large wp-image-778\" alt=\"Sp\u00f3\u0142ki VAT, Obs\u0142uga prawna\" srcset=\"https:\/\/taxservice.net.pl\/wp-content\/uploads\/2019\/06\/sp\u00f3\u0142ki-vat-obs\u0142uga-prawna.jpg 1024w, https:\/\/taxservice.net.pl\/wp-content\/uploads\/2019\/06\/sp\u00f3\u0142ki-vat-obs\u0142uga-prawna-300x191.jpg 300w, https:\/\/taxservice.net.pl\/wp-content\/uploads\/2019\/06\/sp\u00f3\u0142ki-vat-obs\u0142uga-prawna-768x489.jpg 768w\" sizes=\"(max-width: 1024px) 100vw, 1024px\" \/>\t\t\t\t\t\t\t\t\t\t\t\t\t\t\t<\/div>\n\t\t\t\t<\/div>\n\t\t\t\t\t<\/div>\n\t\t<\/div>\n\t\t\t\t<div class=\"elementor-column elementor-col-50 elementor-top-column elementor-element elementor-element-d4f91ef\" data-id=\"d4f91ef\" data-element_type=\"column\" data-e-type=\"column\">\n\t\t\t<div class=\"elementor-widget-wrap elementor-element-populated\">\n\t\t\t\t\t\t<div class=\"elementor-element elementor-element-407c07c elementor-widget elementor-widget-text-editor\" data-id=\"407c07c\" data-element_type=\"widget\" data-e-type=\"widget\" data-widget_type=\"text-editor.default\">\n\t\t\t\t<div class=\"elementor-widget-container\">\n\t\t\t\t\t\t\t\t\t<ul><li><p>Zak\u0142adanie\/ likwidacja dzia\u0142alno\u015bci gospodarczej<\/p><\/li><li><p>Rejestracja sp\u00f3\u0142ek\/ gotowe sp\u00f3\u0142ki VAT\/ Zmiany KRS VAT\/VAT EU<\/p><\/li><li><p>Sporz\u0105dzenie umowy cywilnoprawnej<\/p><\/li><li><p>Sporz\u0105dzenie regulaminu (np. \u015bwiadczenia us\u0142ug, sprzeda\u017cy)<\/p><\/li><li><p>Sporz\u0105dzenie um\u00f3w sp\u00f3\u0142ek (cywilne, osobowe)<\/p><\/li><li><p>Sporz\u0105dzenie projektu umowy sp\u00f3\u0142ki z ograniczon\u0105 odpowiedzialno\u015bci\u0105<\/p><\/li><li><p>Analiza umowy cywilnoprawnej<\/p><\/li><li><p>Analiza regulaminu (np. \u015bwiadczenia us\u0142ug, sprzeda\u017cy)<\/p><\/li><li><p>Analiza um\u00f3w sp\u00f3\u0142ek<\/p><\/li><li><p>Opinia prawna<\/p><\/li><\/ul>\t\t\t\t\t\t\t\t<\/div>\n\t\t\t\t<\/div>\n\t\t\t\t\t<\/div>\n\t\t<\/div>\n\t\t\t\t\t<\/div>\n\t\t<\/section>\n\t\t\t\t<section class=\"elementor-section elementor-top-section elementor-element elementor-element-1b32cb7 elementor-section-boxed elementor-section-height-default elementor-section-height-default\" data-id=\"1b32cb7\" data-element_type=\"section\" data-e-type=\"section\">\n\t\t\t\t\t\t<div class=\"elementor-container elementor-column-gap-default\">\n\t\t\t\t\t<div class=\"elementor-column elementor-col-100 elementor-top-column elementor-element elementor-element-31ebc6d\" data-id=\"31ebc6d\" data-element_type=\"column\" data-e-type=\"column\">\n\t\t\t<div class=\"elementor-widget-wrap elementor-element-populated\">\n\t\t\t\t\t\t<div class=\"elementor-element elementor-element-8734735 elementor-widget elementor-widget-text-editor\" data-id=\"8734735\" data-element_type=\"widget\" data-e-type=\"widget\" data-widget_type=\"text-editor.default\">\n\t\t\t\t<div class=\"elementor-widget-container\">\n\t\t\t\t\t\t\t\t\t<p><span style=\"color: #000000;\">Obs\u0142uga Prawna Warszawa Mokot\u00f3w w Tax Service to w pe\u0142ni profesjonalna i kompleksowa obs\u0142uga, na kt\u00f3r\u0105 mo\u017cesz liczy\u0107. Powierz nam swoje przedsi\u0119biorstwo i przekonaj si\u0119, jak wszelkie formalno\u015bci znikaj\u0105 z Twoich bark\u00f3w. To my zajmiemy si\u0119 wszelkimi umowami, regulaminami czy analiz\u0105 poszczeg\u00f3lnych dokument\u00f3w, kt\u00f3re nam przedstawisz. Zadbamy o to, by zosta\u0142y w nich zawarte wszystkie aspekty, kt\u00f3re s\u0105 szczeg\u00f3lnie wa\u017cne dla Twojej firmy. Co wi\u0119cej, sprawdzimy poprawno\u015b\u0107 ju\u017c istniej\u0105cych zapis\u00f3w pod wzgl\u0119dem prawnym oraz ich zgodno\u015b\u0107 z obowi\u0105zuj\u0105cymi przepisami.<\/span><\/p><h2><span style=\"color: #000000;\">Kompleksowa Obs\u0142uga Prawna Warszawa Mokot\u00f3w<\/span><\/h2><p><span style=\"color: #000000;\">W zakres naszej dzia\u0142alno\u015bci wpisane jest tak\u017ce zak\u0142adanie oraz likwidacja dzia\u0142alno\u015bci gospodarczej Warszawa Mokot\u00f3w. Zajmujemy si\u0119 rejestracj\u0105 sp\u00f3\u0142ek VAT, zmianami KRS VAT czy kwestiami VAT EU. Mo\u017cesz nam zaufa\u0107 te\u017c w kwestii przygotowywania um\u00f3w cywilnoprawnych, kt\u00f3re np. zawierasz ze swoimi kontrahentami. Zrobimy wszystko, by nie by\u0142o z nimi \u017cadnych problem\u00f3w i zosta\u0142y przygotowane w spos\u00f3b poprawny oraz oczywi\u015bcie zgodny z liter\u0105 prawa. Co wi\u0119cej, sporz\u0105dzimy dla Ciebie te\u017c regulaminy, umowy sp\u00f3\u0142ek (zar\u00f3wno osobowe, jak i cywilne), a tak\u017ce stworzymy projekty um\u00f3w sp\u00f3\u0142ki z ograniczon\u0105 odpowiedzialno\u015bci\u0105. Nasza Obs\u0142uga Prawna Warszawa Mokot\u00f3w stanowi gwarancj\u0119 dla Ciebie i Twojego interesu, \u017ce ka\u017cdy podpisywany dokument zostanie szczeg\u00f3\u0142owo prze\u015bwietlony i na pewno nie przysporzy Ci \u017cadnych problem\u00f3w. Dzi\u0119ki temu Tobie pozostanie wi\u0119cej czasu na zajmowanie si\u0119 bie\u017c\u0105cymi sprawami firmy.<\/span><\/p><h3><span style=\"color: #000000;\">Sporz\u0105dzanie i analiza um\u00f3w Warszawa Mokot\u00f3w. Zak\u0142adanie dzia\u0142alno\u015bci, opinia prawna<\/span><\/h3><p><span style=\"color: #000000;\">Zajmujemy si\u0119 analiz\u0105 um\u00f3w cywilnoprawnych, regulamin\u00f3w oraz um\u00f3w sp\u00f3\u0142ek. Powierzy\u0107 nam mo\u017cesz zar\u00f3wno jedno konkretne zlecenie, jak i holistyczny nadz\u00f3r nad wszystkimi interesami Twojego przedsi\u0119biorstwa. Dzi\u0119ki temu zawsze b\u0119dziesz mia\u0142 pewno\u015b\u0107, \u017ce dzia\u0142asz w zgodzie z liter\u0105 prawa, a wystawiane przez Ciebie dokumenty s\u0105 zgodne z wymaganiami polskich urz\u0119d\u00f3w. Zagwarantuje Ci to spok\u00f3j i poczucie bezpiecze\u0144stwa podczas r\u00f3\u017cnego rodzaju kontroli. Je\u015bli potrzebna Ci opinia prawna Warszawa Mokot\u00f3w, zg\u0142o\u015b si\u0119 do nas. W przyst\u0119pny spos\u00f3b wyt\u0142umaczymy Ci zawi\u0142o\u015bci polskich przepis\u00f3w, poprawimy ewentualne b\u0142\u0119dy w dokumentach i zadbamy o to, by zawiera\u0142y one wszystkie aspekty, kt\u00f3re powinny. Tobie pozostanie jedynie z\u0142o\u017cenie podpisu.<\/span><\/p>\t\t\t\t\t\t\t\t<\/div>\n\t\t\t\t<\/div>\n\t\t\t\t\t<\/div>\n\t\t<\/div>\n\t\t\t\t\t<\/div>\n\t\t<\/section>\n\t\t\t\t<\/div>","protected":false},"excerpt":{"rendered":"<p>Obs\u0142uga prawna Zak\u0142adanie\/ likwidacja dzia\u0142alno\u015bci gospodarczej Rejestracja sp\u00f3\u0142ek\/ gotowe sp\u00f3\u0142ki VAT\/ Zmiany KRS VAT\/VAT EU Sporz\u0105dzenie umowy cywilnoprawnej Sporz\u0105dzenie regulaminu (np. \u015bwiadczenia us\u0142ug, sprzeda\u017cy) Sporz\u0105dzenie um\u00f3w sp\u00f3\u0142ek (cywilne, osobowe) Sporz\u0105dzenie projektu umowy sp\u00f3\u0142ki z ograniczon\u0105 &#8230; <\/p>\n<p class=\"read-more-container\"><a title=\"Legal support\" class=\"read-more button\" href=\"https:\/\/taxservice.net.pl\/en\/obsluga-prawna\/#more-1023\" aria-label=\"Read more about Obs\u0142uga prawna\">Read More<\/a><\/p>","protected":false},"author":2,"featured_media":0,"parent":0,"menu_order":0,"comment_status":"closed","ping_status":"closed","template":"","meta":{"inline_featured_image":false,"footnotes":""},"class_list":{"0":"post-1023","1":"page","2":"type-page","3":"status-publish","5":"no-featured-image-padding"},"_links":{"self":[{"href":"https:\/\/taxservice.net.pl\/en\/wp-json\/wp\/v2\/pages\/1023","targetHints":{"allow":["GET"]}}],"collection":[{"href":"https:\/\/taxservice.net.pl\/en\/wp-json\/wp\/v2\/pages"}],"about":[{"href":"https:\/\/taxservice.net.pl\/en\/wp-json\/wp\/v2\/types\/page"}],"author":[{"embeddable":true,"href":"https:\/\/taxservice.net.pl\/en\/wp-json\/wp\/v2\/users\/2"}],"replies":[{"embeddable":true,"href":"https:\/\/taxservice.net.pl\/en\/wp-json\/wp\/v2\/comments?post=1023"}],"version-history":[{"count":3,"href":"https:\/\/taxservice.net.pl\/en\/wp-json\/wp\/v2\/pages\/1023\/revisions"}],"predecessor-version":[{"id":1069,"href":"https:\/\/taxservice.net.pl\/en\/wp-json\/wp\/v2\/pages\/1023\/revisions\/1069"}],"wp:attachment":[{"href":"https:\/\/taxservice.net.pl\/en\/wp-json\/wp\/v2\/media?parent=1023"}],"curies":[{"name":"wp","href":"https:\/\/api.w.org\/{rel}","templated":true}]}}