{"id":1026,"date":"2020-01-13T12:29:38","date_gmt":"2020-01-13T11:29:38","guid":{"rendered":"https:\/\/taxservice.net.pl\/?page_id=1026"},"modified":"2022-03-14T11:46:46","modified_gmt":"2022-03-14T10:46:46","slug":"likwidacja-spolek","status":"publish","type":"page","link":"https:\/\/taxservice.net.pl\/en\/likwidacja-spolek\/","title":{"rendered":"Liquidation of companies"},"content":{"rendered":"<div data-elementor-type=\"wp-post\" data-elementor-id=\"1026\" class=\"elementor elementor-1026\" data-elementor-post-type=\"page\">\n\t\t\t\t\t\t<section class=\"elementor-section elementor-top-section elementor-element elementor-element-7f52ddb elementor-section-boxed elementor-section-height-default elementor-section-height-default\" data-id=\"7f52ddb\" data-element_type=\"section\" data-e-type=\"section\">\n\t\t\t\t\t\t<div class=\"elementor-container elementor-column-gap-default\">\n\t\t\t\t\t<div class=\"elementor-column elementor-col-100 elementor-top-column elementor-element elementor-element-82ce22f\" data-id=\"82ce22f\" data-element_type=\"column\" data-e-type=\"column\">\n\t\t\t<div class=\"elementor-widget-wrap elementor-element-populated\">\n\t\t\t\t\t\t<div class=\"elementor-element elementor-element-8924dce elementor-widget elementor-widget-heading\" data-id=\"8924dce\" data-element_type=\"widget\" data-e-type=\"widget\" data-widget_type=\"heading.default\">\n\t\t\t\t<div class=\"elementor-widget-container\">\n\t\t\t\t\t<h1 class=\"elementor-heading-title elementor-size-default\">Liquidation of companies<\/h1>\t\t\t\t<\/div>\n\t\t\t\t<\/div>\n\t\t\t\t\t<\/div>\n\t\t<\/div>\n\t\t\t\t\t<\/div>\n\t\t<\/section>\n\t\t\t\t<section class=\"elementor-section elementor-top-section elementor-element elementor-element-308b674 elementor-section-boxed elementor-section-height-default elementor-section-height-default\" data-id=\"308b674\" data-element_type=\"section\" data-e-type=\"section\">\n\t\t\t\t\t\t<div class=\"elementor-container elementor-column-gap-default\">\n\t\t\t\t\t<div class=\"elementor-column elementor-col-50 elementor-top-column elementor-element elementor-element-a890ae1\" data-id=\"a890ae1\" data-element_type=\"column\" data-e-type=\"column\">\n\t\t\t<div class=\"elementor-widget-wrap elementor-element-populated\">\n\t\t\t\t\t\t<div class=\"elementor-element elementor-element-b4d9d0c elementor-widget elementor-widget-image\" data-id=\"b4d9d0c\" data-element_type=\"widget\" data-e-type=\"widget\" data-widget_type=\"image.default\">\n\t\t\t\t<div class=\"elementor-widget-container\">\n\t\t\t\t\t\t\t\t\t\t\t\t\t\t\t<img fetchpriority=\"high\" decoding=\"async\" width=\"300\" height=\"300\" src=\"https:\/\/taxservice.net.pl\/wp-content\/uploads\/2019\/06\/likwidacja-300x300.png\" class=\"attachment-medium size-medium wp-image-697\" alt=\"likwidacja sp\u00f3\u0142ek\" srcset=\"https:\/\/taxservice.net.pl\/wp-content\/uploads\/2019\/06\/likwidacja-300x300.png 300w, https:\/\/taxservice.net.pl\/wp-content\/uploads\/2019\/06\/likwidacja-150x150.png 150w, https:\/\/taxservice.net.pl\/wp-content\/uploads\/2019\/06\/likwidacja.png 600w\" sizes=\"(max-width: 300px) 100vw, 300px\" \/>\t\t\t\t\t\t\t\t\t\t\t\t\t\t\t<\/div>\n\t\t\t\t<\/div>\n\t\t\t\t\t<\/div>\n\t\t<\/div>\n\t\t\t\t<div class=\"elementor-column elementor-col-50 elementor-top-column elementor-element elementor-element-3a52737\" data-id=\"3a52737\" data-element_type=\"column\" data-e-type=\"column\">\n\t\t\t<div class=\"elementor-widget-wrap elementor-element-populated\">\n\t\t\t\t\t\t<div class=\"elementor-element elementor-element-e6be8bd elementor-widget elementor-widget-text-editor\" data-id=\"e6be8bd\" data-element_type=\"widget\" data-e-type=\"widget\" data-widget_type=\"text-editor.default\">\n\t\t\t\t<div class=\"elementor-widget-container\">\n\t\t\t\t\t\t\t\t\t<ul><li><p>Zako\u0144czenie likwidacji podmiotu wpisanego do Krajowego Rejestru S\u0105dowego (po zako\u0144czeniu procesu likwidacji, tj. up\u0142ynnieniu maj\u0105tku, zako\u0144czeniu bie\u017c\u0105cych interes\u00f3w)<\/p><\/li><li><p>Kompletna us\u0142uga w zakresie otwarcia i zg\u0142oszenia likwidacji podmiotu wpisanego do Krajowego Rejestru S\u0105dowego<\/p><\/li><\/ul>\t\t\t\t\t\t\t\t<\/div>\n\t\t\t\t<\/div>\n\t\t\t\t\t<\/div>\n\t\t<\/div>\n\t\t\t\t\t<\/div>\n\t\t<\/section>\n\t\t\t\t<section class=\"elementor-section elementor-top-section elementor-element elementor-element-6cee903 elementor-section-boxed elementor-section-height-default elementor-section-height-default\" data-id=\"6cee903\" data-element_type=\"section\" data-e-type=\"section\">\n\t\t\t\t\t\t<div class=\"elementor-container elementor-column-gap-default\">\n\t\t\t\t\t<div class=\"elementor-column elementor-col-100 elementor-top-column elementor-element elementor-element-2a01d82\" data-id=\"2a01d82\" data-element_type=\"column\" data-e-type=\"column\">\n\t\t\t<div class=\"elementor-widget-wrap elementor-element-populated\">\n\t\t\t\t\t\t<div class=\"elementor-element elementor-element-924717a elementor-widget elementor-widget-text-editor\" data-id=\"924717a\" data-element_type=\"widget\" data-e-type=\"widget\" data-widget_type=\"text-editor.default\">\n\t\t\t\t<div class=\"elementor-widget-container\">\n\t\t\t\t\t\t\t\t\t<p><span style=\"color: #000000;\">Likwidacja Sp\u00f3\u0142ek Warszawa Mokot\u00f3w to do\u015b\u0107 skomplikowana i czasoch\u0142onna procedura, kt\u00f3r\u0105 lepiej powierzy\u0107 profesjonalistom. Od lat zajmujemy si\u0119 zako\u0144czeniami likwidacji podmiot\u00f3w wpisanych do Krajowego Rejestru S\u0105dowego. Dzi\u0119ki nam uda Ci si\u0119 za\u0142atwi\u0107 wszystko bez \u017cadnych problem\u00f3w, a tak\u017ce unikniesz stresuj\u0105cych i d\u0142ugotrwa\u0142ych formalno\u015bci, na kt\u00f3re \u017caden przedsi\u0119biorca nie ma ochoty. Zajmiemy si\u0119 za Ciebie wszystkim po zako\u0144czeniu procesu likwidacji, tj. zako\u0144czeniu bie\u017c\u0105cych interes\u00f3w czy up\u0142ynnieniu maj\u0105tku.<\/span><\/p><h2><span style=\"color: #000000;\">Likwidacja Sp\u00f3\u0142ek Warszawa Mokot\u00f3w<\/span><\/h2><p><span style=\"color: #000000;\">Wsp\u00f3\u0142praca z dziesi\u0105tkami firm nauczy\u0142a nas, \u017ce Likwidacja Sp\u00f3\u0142ek Warszawa Mokot\u00f3w zawsze jest pierwszym krokiem do czego\u015b nowego i wyj\u0105tkowego. Zamkni\u0119cie jednego rozdzia\u0142u umo\u017cliwia rozpocz\u0119cie pisania kolejnego, nie pozw\u00f3l wi\u0119c, by rozprasza\u0142y Ci\u0119 ci\u0105gn\u0105ce si\u0119 za Tob\u0105 problemy oraz niedoko\u0144czone sprawy. Z nami b\u0119dziesz m\u00f3g\u0142 skupi\u0107 si\u0119 na kolejnych krokach, kt\u00f3re zaprowadz\u0105 Ci\u0119 do kolejnego etapu w \u017cyciu.<\/span><\/p><p><span style=\"color: #000000;\">Nie b\u0119dziesz musia\u0142 obawia\u0107 si\u0119 problem\u00f3w formalnych ze strony urz\u0119d\u00f3w, zwi\u0105zanych z niew\u0142a\u015bciwym zako\u0144czeniem dzia\u0142alno\u015bci &#8211; zadbamy o to, by ca\u0142a procedura zosta\u0142a zako\u0144czona mo\u017cliwie bezproblemowo oraz mo\u017cliwie jak najszybciej. Nasz\u0105 skuteczno\u015b\u0107 potwierdza wielu naszych zadowolonych klient\u00f3w. Likwidacja Sp\u00f3\u0142ki Warszawa Mokot\u00f3w w ich przypadku by\u0142a bezproblemowa, a zaraz po jej zako\u0144czeniu byli oni gotowi do podj\u0119cia nowych dzia\u0142a\u0144 oraz zmierzenia si\u0119 z zupe\u0142nie innymi wyzwaniami.<\/span><\/p><h3><span style=\"color: #000000;\">Kompleksowa us\u0142uga zwi\u0105zana z otwarcie i zg\u0142oszeniem likwidacji sp\u00f3\u0142ki Warszawa Mokot\u00f3w<\/span><\/h3><p><span style=\"color: #000000;\">W naszej ofercie znajdziesz kompletn\u0105 us\u0142ug\u0119 w zakresie otwarcia oraz zg\u0142oszenia likwidacji podmiotu wpisanego Krajowego Rejestru S\u0105dowego. Dzi\u0119ki temu Likwidacja Sp\u00f3\u0142ki Warszawa Mokot\u00f3w w pe\u0142ni pozostaje w naszych r\u0119kach i nie b\u0119dziemy musieli zaprz\u0105ta\u0107 Tobie tym g\u0142owy w wi\u0119kszym stopniu, ni\u017c b\u0119dzie to konieczne. Unikniesz dzi\u0119ki takiemu rozwi\u0105zaniu szeregu czasoch\u0142onnych wizyt w urz\u0119dach, a tak\u017ce sk\u0142adania licznych dokument\u00f3w. Cz\u0119sto te\u017c chwila ta bywa do\u015b\u0107 trudna dla naszych klient\u00f3w, zapewniamy wi\u0119c pe\u0142ne, profesjonalne wsparcie, by jej przebieg nie zosta\u0142 niczym zak\u0142\u00f3cony, a ca\u0142a procedura zosta\u0142a zrealizowana tak sprawnie, jak to tylko mo\u017cliwe.<\/span><\/p>\t\t\t\t\t\t\t\t<\/div>\n\t\t\t\t<\/div>\n\t\t\t\t\t<\/div>\n\t\t<\/div>\n\t\t\t\t\t<\/div>\n\t\t<\/section>\n\t\t\t\t<\/div>","protected":false},"excerpt":{"rendered":"<p>Likwidacja sp\u00f3\u0142ek Zako\u0144czenie likwidacji podmiotu wpisanego do Krajowego Rejestru S\u0105dowego (po zako\u0144czeniu procesu likwidacji, tj. up\u0142ynnieniu maj\u0105tku, zako\u0144czeniu bie\u017c\u0105cych interes\u00f3w) Kompletna us\u0142uga w zakresie otwarcia i zg\u0142oszenia likwidacji podmiotu wpisanego do Krajowego Rejestru S\u0105dowego Likwidacja &#8230; <\/p>\n<p class=\"read-more-container\"><a title=\"Liquidation of companies\" class=\"read-more button\" href=\"https:\/\/taxservice.net.pl\/en\/likwidacja-spolek\/#more-1026\" aria-label=\"Read more about Likwidacja sp\u00f3\u0142ek\">Read More<\/a><\/p>","protected":false},"author":2,"featured_media":0,"parent":0,"menu_order":0,"comment_status":"closed","ping_status":"closed","template":"","meta":{"inline_featured_image":false,"footnotes":""},"class_list":{"0":"post-1026","1":"page","2":"type-page","3":"status-publish","5":"no-featured-image-padding"},"_links":{"self":[{"href":"https:\/\/taxservice.net.pl\/en\/wp-json\/wp\/v2\/pages\/1026","targetHints":{"allow":["GET"]}}],"collection":[{"href":"https:\/\/taxservice.net.pl\/en\/wp-json\/wp\/v2\/pages"}],"about":[{"href":"https:\/\/taxservice.net.pl\/en\/wp-json\/wp\/v2\/types\/page"}],"author":[{"embeddable":true,"href":"https:\/\/taxservice.net.pl\/en\/wp-json\/wp\/v2\/users\/2"}],"replies":[{"embeddable":true,"href":"https:\/\/taxservice.net.pl\/en\/wp-json\/wp\/v2\/comments?post=1026"}],"version-history":[{"count":3,"href":"https:\/\/taxservice.net.pl\/en\/wp-json\/wp\/v2\/pages\/1026\/revisions"}],"predecessor-version":[{"id":1068,"href":"https:\/\/taxservice.net.pl\/en\/wp-json\/wp\/v2\/pages\/1026\/revisions\/1068"}],"wp:attachment":[{"href":"https:\/\/taxservice.net.pl\/en\/wp-json\/wp\/v2\/media?parent=1026"}],"curies":[{"name":"wp","href":"https:\/\/api.w.org\/{rel}","templated":true}]}}