{"id":1029,"date":"2020-01-13T12:30:49","date_gmt":"2020-01-13T11:30:49","guid":{"rendered":"https:\/\/taxservice.net.pl\/?page_id=1029"},"modified":"2022-03-14T11:46:07","modified_gmt":"2022-03-14T10:46:07","slug":"legalizacja-dokumentow","status":"publish","type":"page","link":"https:\/\/taxservice.net.pl\/en\/legalizacja-dokumentow\/","title":{"rendered":"Legalization of documents"},"content":{"rendered":"<div data-elementor-type=\"wp-post\" data-elementor-id=\"1029\" class=\"elementor elementor-1029\" data-elementor-post-type=\"page\">\n\t\t\t\t\t\t<section class=\"elementor-section elementor-top-section elementor-element elementor-element-8cab733 elementor-section-boxed elementor-section-height-default elementor-section-height-default\" data-id=\"8cab733\" data-element_type=\"section\" data-e-type=\"section\">\n\t\t\t\t\t\t<div class=\"elementor-container elementor-column-gap-default\">\n\t\t\t\t\t<div class=\"elementor-column elementor-col-100 elementor-top-column elementor-element elementor-element-676c9fc\" data-id=\"676c9fc\" data-element_type=\"column\" data-e-type=\"column\">\n\t\t\t<div class=\"elementor-widget-wrap elementor-element-populated\">\n\t\t\t\t\t\t<div class=\"elementor-element elementor-element-5996296 elementor-widget elementor-widget-heading\" data-id=\"5996296\" data-element_type=\"widget\" data-e-type=\"widget\" data-widget_type=\"heading.default\">\n\t\t\t\t<div class=\"elementor-widget-container\">\n\t\t\t\t\t<h1 class=\"elementor-heading-title elementor-size-default\">Legalization of documents<\/h1>\t\t\t\t<\/div>\n\t\t\t\t<\/div>\n\t\t\t\t\t<\/div>\n\t\t<\/div>\n\t\t\t\t\t<\/div>\n\t\t<\/section>\n\t\t\t\t<section class=\"elementor-section elementor-top-section elementor-element elementor-element-96b5855 elementor-section-boxed elementor-section-height-default elementor-section-height-default\" data-id=\"96b5855\" data-element_type=\"section\" data-e-type=\"section\">\n\t\t\t\t\t\t<div class=\"elementor-container elementor-column-gap-default\">\n\t\t\t\t\t<div class=\"elementor-column elementor-col-50 elementor-top-column elementor-element elementor-element-946853c\" data-id=\"946853c\" data-element_type=\"column\" data-e-type=\"column\">\n\t\t\t<div class=\"elementor-widget-wrap elementor-element-populated\">\n\t\t\t\t\t\t<div class=\"elementor-element elementor-element-3aaceb3 elementor-widget elementor-widget-image\" data-id=\"3aaceb3\" data-element_type=\"widget\" data-e-type=\"widget\" data-widget_type=\"image.default\">\n\t\t\t\t<div class=\"elementor-widget-container\">\n\t\t\t\t\t\t\t\t\t\t\t\t\t\t\t<img fetchpriority=\"high\" decoding=\"async\" width=\"1024\" height=\"670\" src=\"https:\/\/taxservice.net.pl\/wp-content\/uploads\/2019\/06\/legalizacja-dokument\u00f3w-us\u0142ugi-adminstracyjne-1024x670.jpg\" class=\"attachment-large size-large wp-image-782\" alt=\"Legalizacja dokument\u00f3w\" srcset=\"https:\/\/taxservice.net.pl\/wp-content\/uploads\/2019\/06\/legalizacja-dokument\u00f3w-us\u0142ugi-adminstracyjne.jpg 1024w, https:\/\/taxservice.net.pl\/wp-content\/uploads\/2019\/06\/legalizacja-dokument\u00f3w-us\u0142ugi-adminstracyjne-300x196.jpg 300w, https:\/\/taxservice.net.pl\/wp-content\/uploads\/2019\/06\/legalizacja-dokument\u00f3w-us\u0142ugi-adminstracyjne-768x503.jpg 768w\" sizes=\"(max-width: 1024px) 100vw, 1024px\" \/>\t\t\t\t\t\t\t\t\t\t\t\t\t\t\t<\/div>\n\t\t\t\t<\/div>\n\t\t\t\t\t<\/div>\n\t\t<\/div>\n\t\t\t\t<div class=\"elementor-column elementor-col-50 elementor-top-column elementor-element elementor-element-afaa6a2\" data-id=\"afaa6a2\" data-element_type=\"column\" data-e-type=\"column\">\n\t\t\t<div class=\"elementor-widget-wrap elementor-element-populated\">\n\t\t\t\t\t\t<div class=\"elementor-element elementor-element-36b1f21 elementor-widget elementor-widget-text-editor\" data-id=\"36b1f21\" data-element_type=\"widget\" data-e-type=\"widget\" data-widget_type=\"text-editor.default\">\n\t\t\t\t<div class=\"elementor-widget-container\">\n\t\t\t\t\t\t\t\t\t<ul><li><p>Po\u015bwiadczenia notarialnie<\/p><\/li><li><p>Apostille<\/p><\/li><li><p>T\u0142umaczenia<\/p><\/li><li><p>PESEL<\/p><\/li><\/ul>\t\t\t\t\t\t\t\t<\/div>\n\t\t\t\t<\/div>\n\t\t\t\t\t<\/div>\n\t\t<\/div>\n\t\t\t\t\t<\/div>\n\t\t<\/section>\n\t\t\t\t<section class=\"elementor-section elementor-top-section elementor-element elementor-element-5e3038b elementor-section-boxed elementor-section-height-default elementor-section-height-default\" data-id=\"5e3038b\" data-element_type=\"section\" data-e-type=\"section\">\n\t\t\t\t\t\t<div class=\"elementor-container elementor-column-gap-default\">\n\t\t\t\t\t<div class=\"elementor-column elementor-col-100 elementor-top-column elementor-element elementor-element-d973713\" data-id=\"d973713\" data-element_type=\"column\" data-e-type=\"column\">\n\t\t\t<div class=\"elementor-widget-wrap elementor-element-populated\">\n\t\t\t\t\t\t<div class=\"elementor-element elementor-element-54c7b1a elementor-widget elementor-widget-text-editor\" data-id=\"54c7b1a\" data-element_type=\"widget\" data-e-type=\"widget\" data-widget_type=\"text-editor.default\">\n\t\t\t\t<div class=\"elementor-widget-container\">\n\t\t\t\t\t\t\t\t\t<p><span style=\"color: #000000;\">Legalizacja Dokument\u00f3w Warszawa Mokot\u00f3w to us\u0142uga, po kt\u00f3r\u0105 si\u0119ga bardzo wielu przedsi\u0119biorc\u00f3w \u2013 zar\u00f3wno tych mniejszych, jak i najpot\u0119\u017cniejszych. Odpowiednie potwierdzenie autentyczno\u015bci oraz legalno\u015bci r\u00f3\u017cnego rodzaju um\u00f3w, t\u0142umacze\u0144 czy numer\u00f3w PESEL wpisuje si\u0119 w codzienn\u0105 dzia\u0142alno\u015b\u0107 dziesi\u0105tek firm. Korzystaj\u0105c z naszych us\u0142ug, mo\u017cesz mie\u0107 pewno\u015b\u0107, \u017ce przedstawiane przez Ciebie pisma nigdzie nie zostan\u0105 podwa\u017cone \u2013 zar\u00f3wno w Polsce, jak i za granic\u0105. Zajmujemy si\u0119 legalizacj\u0105 dokument\u00f3w w spos\u00f3b profesjonalny oraz kompleksowy, mo\u017cesz mie\u0107 wi\u0119c pewno\u015b\u0107, \u017ce nasze us\u0142ugi b\u0119d\u0105 wykonywane szybko i zgodnie z obowi\u0105zuj\u0105cymi przepisami.<\/span><\/p><h2><span style=\"color: #000000;\">Legalizacja Dokument\u00f3w Warszawa Mokot\u00f3w<\/span><\/h2><p><span style=\"color: #000000;\">Wiemy, jak w przypadku legalizacji dokument\u00f3w wa\u017cny jest czas. Przez wiele lat \u015bwiadczenia tego typu us\u0142ug wypracowali\u015bmy wi\u0119c najskuteczniejsze i najsprawniejsze metody otrzymywania po\u015bwiadcze\u0144 autentyczno\u015bci r\u00f3\u017cnego rodzaju dokument\u00f3w. W zakres naszych dzia\u0142a\u0144 wchodz\u0105 zar\u00f3wno po\u015bwiadczenia notarialne Warszawa Mokot\u00f3w, jak i t\u0142umaczenia. Zamawiaj\u0105c je u nas, mo\u017cesz mie\u0107\u00a0 pewno\u015b\u0107, \u017ce trafi\u0105 do Ciebie w formie akceptowalnej przez instytucje polskie oraz zagraniczne.<\/span><\/p><p><span style=\"color: #000000;\">W ramach naszych dzia\u0142a\u0144 zajmujemy si\u0119 tak\u017ce apostille Warszawa Mokot\u00f3w. S\u0105 to specjalne po\u015bwiadczenia, \u017ce dokumenty, kt\u00f3rymi b\u0119dziesz dysponowa\u0142, s\u0105 autentyczne i pochodz\u0105 z w\u0142a\u015bciwego urz\u0119du. Korzystaj\u0105c z przygotowanych przez nas legalizacji, mo\u017cesz przedk\u0142ada\u0107 je instytucjom, urz\u0119dom oraz w\u0142adzom innych pa\u0144stw, bez martwienia si\u0119 o inne, dodatkowe legalizacje. Zadbamy tak\u017ce o to, by przygotowane i wykorzystywane przez Ciebie t\u0142umaczenia mia\u0142y odpowiednie potwierdzenia autentyczno\u015bci i by\u0142y respektowane np. podczas zawierania przez Ciebie um\u00f3w mi\u0119dzynarodowych.<\/span><\/p><h3><span style=\"color: #000000;\">Zostaw profesjonalistom legalizacj\u0119 PESEL, t\u0142umacze\u0144, apostille i po\u015bwiadczenia notarialne Warszawa Mokot\u00f3w<\/span><\/h3><p><span style=\"color: #000000;\">Legalizacja Dokument\u00f3w Warszawa Mokot\u00f3w, kt\u00f3r\u0105 oferujemy, to kompleksowy zestaw dzia\u0142a\u0144, dostosowany do Twoich oczekiwa\u0144 oraz potrzeb przedsi\u0119biorstwa. Zwykle otrzymywanie tego typu potwierdze\u0144 jest czasoch\u0142onne i wymagana sp\u0119dzania wielu godzin w urz\u0119dach. Dzi\u0119ki nam jednak nie stracisz ani chwili i b\u0119dziesz m\u00f3g\u0142 skupia\u0107 si\u0119 wy\u0142\u0105cznie na swojej firmie. Pozw\u00f3l, \u017ce kwestiami legalizacyjnymi zajmiemy si\u0119 my.<\/span><\/p>\t\t\t\t\t\t\t\t<\/div>\n\t\t\t\t<\/div>\n\t\t\t\t\t<\/div>\n\t\t<\/div>\n\t\t\t\t\t<\/div>\n\t\t<\/section>\n\t\t\t\t<\/div>","protected":false},"excerpt":{"rendered":"<p>Legalizacja dokument\u00f3w Po\u015bwiadczenia notarialnie Apostille T\u0142umaczenia PESEL Legalizacja Dokument\u00f3w Warszawa Mokot\u00f3w to us\u0142uga, po kt\u00f3r\u0105 si\u0119ga bardzo wielu przedsi\u0119biorc\u00f3w \u2013 zar\u00f3wno tych mniejszych, jak i najpot\u0119\u017cniejszych. Odpowiednie potwierdzenie autentyczno\u015bci oraz legalno\u015bci r\u00f3\u017cnego rodzaju um\u00f3w, t\u0142umacze\u0144 &#8230; <\/p>\n<p class=\"read-more-container\"><a title=\"Legalization of documents\" class=\"read-more button\" href=\"https:\/\/taxservice.net.pl\/en\/legalizacja-dokumentow\/#more-1029\" aria-label=\"Read more about Legalizacja dokument\u00f3w\">Read More<\/a><\/p>","protected":false},"author":2,"featured_media":0,"parent":0,"menu_order":0,"comment_status":"closed","ping_status":"closed","template":"","meta":{"inline_featured_image":false,"footnotes":""},"class_list":{"0":"post-1029","1":"page","2":"type-page","3":"status-publish","5":"no-featured-image-padding"},"_links":{"self":[{"href":"https:\/\/taxservice.net.pl\/en\/wp-json\/wp\/v2\/pages\/1029","targetHints":{"allow":["GET"]}}],"collection":[{"href":"https:\/\/taxservice.net.pl\/en\/wp-json\/wp\/v2\/pages"}],"about":[{"href":"https:\/\/taxservice.net.pl\/en\/wp-json\/wp\/v2\/types\/page"}],"author":[{"embeddable":true,"href":"https:\/\/taxservice.net.pl\/en\/wp-json\/wp\/v2\/users\/2"}],"replies":[{"embeddable":true,"href":"https:\/\/taxservice.net.pl\/en\/wp-json\/wp\/v2\/comments?post=1029"}],"version-history":[{"count":3,"href":"https:\/\/taxservice.net.pl\/en\/wp-json\/wp\/v2\/pages\/1029\/revisions"}],"predecessor-version":[{"id":1067,"href":"https:\/\/taxservice.net.pl\/en\/wp-json\/wp\/v2\/pages\/1029\/revisions\/1067"}],"wp:attachment":[{"href":"https:\/\/taxservice.net.pl\/en\/wp-json\/wp\/v2\/media?parent=1029"}],"curies":[{"name":"wp","href":"https:\/\/api.w.org\/{rel}","templated":true}]}}