{"id":1032,"date":"2020-01-13T12:31:58","date_gmt":"2020-01-13T11:31:58","guid":{"rendered":"https:\/\/taxservice.net.pl\/?page_id=1032"},"modified":"2022-03-14T11:49:18","modified_gmt":"2022-03-14T10:49:18","slug":"wirtualne-biuro","status":"publish","type":"page","link":"https:\/\/taxservice.net.pl\/en\/wirtualne-biuro\/","title":{"rendered":"Virtual office"},"content":{"rendered":"<div data-elementor-type=\"wp-post\" data-elementor-id=\"1032\" class=\"elementor elementor-1032\" data-elementor-post-type=\"page\">\n\t\t\t\t\t\t<section class=\"elementor-section elementor-top-section elementor-element elementor-element-fceb88e elementor-section-boxed elementor-section-height-default elementor-section-height-default\" data-id=\"fceb88e\" data-element_type=\"section\" data-e-type=\"section\">\n\t\t\t\t\t\t<div class=\"elementor-container elementor-column-gap-default\">\n\t\t\t\t\t<div class=\"elementor-column elementor-col-100 elementor-top-column elementor-element elementor-element-bb9fb24\" data-id=\"bb9fb24\" data-element_type=\"column\" data-e-type=\"column\">\n\t\t\t<div class=\"elementor-widget-wrap elementor-element-populated\">\n\t\t\t\t\t\t<div class=\"elementor-element elementor-element-21dc86c elementor-widget elementor-widget-heading\" data-id=\"21dc86c\" data-element_type=\"widget\" data-e-type=\"widget\" data-widget_type=\"heading.default\">\n\t\t\t\t<div class=\"elementor-widget-container\">\n\t\t\t\t\t<h1 class=\"elementor-heading-title elementor-size-default\">Virtual office<\/h1>\t\t\t\t<\/div>\n\t\t\t\t<\/div>\n\t\t\t\t\t<\/div>\n\t\t<\/div>\n\t\t\t\t\t<\/div>\n\t\t<\/section>\n\t\t\t\t<section class=\"elementor-section elementor-top-section elementor-element elementor-element-a6caea9 elementor-section-boxed elementor-section-height-default elementor-section-height-default\" data-id=\"a6caea9\" data-element_type=\"section\" data-e-type=\"section\">\n\t\t\t\t\t\t<div class=\"elementor-container elementor-column-gap-default\">\n\t\t\t\t\t<div class=\"elementor-column elementor-col-50 elementor-top-column elementor-element elementor-element-dc4a7e8\" data-id=\"dc4a7e8\" data-element_type=\"column\" data-e-type=\"column\">\n\t\t\t<div class=\"elementor-widget-wrap elementor-element-populated\">\n\t\t\t\t\t\t<div class=\"elementor-element elementor-element-a14e3ee elementor-widget elementor-widget-image\" data-id=\"a14e3ee\" data-element_type=\"widget\" data-e-type=\"widget\" data-widget_type=\"image.default\">\n\t\t\t\t<div class=\"elementor-widget-container\">\n\t\t\t\t\t\t\t\t\t\t\t\t\t\t\t<img fetchpriority=\"high\" decoding=\"async\" width=\"1024\" height=\"682\" src=\"https:\/\/taxservice.net.pl\/wp-content\/uploads\/2019\/06\/wirtualne-biuro-1024x682.jpg\" class=\"attachment-large size-large wp-image-779\" alt=\"wirtualne biuro\" srcset=\"https:\/\/taxservice.net.pl\/wp-content\/uploads\/2019\/06\/wirtualne-biuro.jpg 1024w, https:\/\/taxservice.net.pl\/wp-content\/uploads\/2019\/06\/wirtualne-biuro-300x200.jpg 300w, https:\/\/taxservice.net.pl\/wp-content\/uploads\/2019\/06\/wirtualne-biuro-768x512.jpg 768w\" sizes=\"(max-width: 1024px) 100vw, 1024px\" \/>\t\t\t\t\t\t\t\t\t\t\t\t\t\t\t<\/div>\n\t\t\t\t<\/div>\n\t\t\t\t\t<\/div>\n\t\t<\/div>\n\t\t\t\t<div class=\"elementor-column elementor-col-50 elementor-top-column elementor-element elementor-element-307abea\" data-id=\"307abea\" data-element_type=\"column\" data-e-type=\"column\">\n\t\t\t<div class=\"elementor-widget-wrap elementor-element-populated\">\n\t\t\t\t\t\t<div class=\"elementor-element elementor-element-7772d5c elementor-widget elementor-widget-text-editor\" data-id=\"7772d5c\" data-element_type=\"widget\" data-e-type=\"widget\" data-widget_type=\"text-editor.default\">\n\t\t\t\t<div class=\"elementor-widget-container\">\n\t\t\t\t\t\t\t\t\t<ul><li>Adres do rejestracji sp\u00f3\u0142ki<\/li><li>Odbi\u00f3r korespondencji zwyk\u0142ej i poleconej<\/li><li>Informacje o otrzymywaniu przesy\u0142ek drog\u0105 mailow\u0105<\/li><li>Wysy\u0142anie skan\u00f3w korespondencji<\/li><li>Us\u0142ugi prawne<\/li><li>Us\u0142ugi ksi\u0119gowe<\/li><li>Biuro rachunkowe na miejscu<\/li><li>Doradztwo<\/li><li>Mo\u017cliwo\u015b\u0107 skorzystania z sali konferencyjnej<\/li><\/ul>\t\t\t\t\t\t\t\t<\/div>\n\t\t\t\t<\/div>\n\t\t\t\t\t<\/div>\n\t\t<\/div>\n\t\t\t\t\t<\/div>\n\t\t<\/section>\n\t\t\t\t<section class=\"elementor-section elementor-top-section elementor-element elementor-element-65fe74c elementor-section-boxed elementor-section-height-default elementor-section-height-default\" data-id=\"65fe74c\" data-element_type=\"section\" data-e-type=\"section\">\n\t\t\t\t\t\t<div class=\"elementor-container elementor-column-gap-default\">\n\t\t\t\t\t<div class=\"elementor-column elementor-col-100 elementor-top-column elementor-element elementor-element-6bb6ef3\" data-id=\"6bb6ef3\" data-element_type=\"column\" data-e-type=\"column\">\n\t\t\t<div class=\"elementor-widget-wrap elementor-element-populated\">\n\t\t\t\t\t\t<div class=\"elementor-element elementor-element-3dd5a06 elementor-widget elementor-widget-text-editor\" data-id=\"3dd5a06\" data-element_type=\"widget\" data-e-type=\"widget\" data-widget_type=\"text-editor.default\">\n\t\t\t\t<div class=\"elementor-widget-container\">\n\t\t\t\t\t\t\t\t\t<p><span style=\"color: #000000;\">Wirtualne Biuro Warszawa Mokot\u00f3w? Z nami to mo\u017cliwe! W Tax Service mo\u017cemy zapewni\u0107 Ci adres do rejestracji sp\u00f3\u0142ki, kt\u00f3ry b\u0119dzie doskonale prezentowa\u0142 si\u0119 na fakturach. Nada presti\u017cu i powagi Twojej dzia\u0142alno\u015bci, cho\u0107 to dopiero pocz\u0105tek jej funkcjonowania. Dzi\u0119ki temu jednak od razu zyskasz szacunek swoich kontrahent\u00f3w oraz klient\u00f3w, opieraj\u0105c sw\u00f3j PR i wizerunek nie tylko na doskona\u0142ej jako\u015bci us\u0142ug, ale r\u00f3wnie\u017c znanej lokalizacji. Co wi\u0119cej, opr\u00f3cz samego adresu rejestracji zapewniamy tak\u017ce kompleksow\u0105 obs\u0142ug\u0119 wszystkich Twoich spraw, u\u0142atwiaj\u0105c Ci prowadzenie firmy z dowolnego miejsca.<\/span><\/p><h2><span style=\"color: #000000;\">Wirtualne Biuro Warszawa Mokot\u00f3w<\/span><\/h2><p><span style=\"color: #000000;\">Decyduj\u0105c si\u0119 na korzystanie z naszych us\u0142ug, mo\u017cesz liczy\u0107 na profesjonalny odbi\u00f3r zar\u00f3wno korespondencji zwyk\u0142ej, ja i polecanej. Co wi\u0119cej, o ka\u017cdej przesy\u0142ce informowa\u0107 Ci\u0119 b\u0119dziemy drog\u0105 mailow\u0105, a na \u017cyczenie wszystkie dokumenty, kt\u00f3re otrzymasz, mog\u0105 by\u0107 do Ciebie przesy\u0142ane w formie skan\u00f3w. Dzi\u0119ki temu b\u0119dziesz zawsze na bie\u017c\u0105co, bez potrzeby przyje\u017cd\u017cania do siedziby czy podawania swojego prywatnego adresu w oficjalnych dokumentach. To doskona\u0142e rozwi\u0105zanie np. dla przedsi\u0119biorc\u00f3w dzia\u0142aj\u0105cych zdalnie, kt\u00f3rzy nie potrzebuj\u0105 tradycyjnego biura czy lokalu, a swoj\u0105 prac\u0119 wykonuj\u0105 z r\u00f3\u017cnych miejsc, nawet za granic\u0105.<\/span><\/p><h3><span style=\"color: #000000;\">Wirtualne Biuro Warszawa Mokot\u00f3w to nie tylko adres do rejestracji. Korzystaj z rozmaitych us\u0142ug oraz sali konferencyjnej<\/span><\/h3><p><span style=\"color: #000000;\">Zapewniamy Us\u0142ugi Prawne Warszawa Mokot\u00f3w, a tak\u017ce pe\u0142n\u0105 ksi\u0119gowo\u015b\u0107 czy nawet biuro rachunkowe. Mo\u017cesz dzi\u0119ki temu w spokoju pracowa\u0107 nad rozwojem marki oraz ulepszaniem oferty, a my zajmiemy si\u0119 wszelk\u0105 dokumentacj\u0105, sprawami podatkowymi czy rozliczeniowymi. Ty otrzymywa\u0142 b\u0119dziesz czytelne i przejrzyste zestawienia, podsumowania oraz analizy, kt\u00f3re pomog\u0105 Ci zorientowa\u0107 si\u0119, w jakiej sytuacji znajduje si\u0119 obecnie Twoje przedsi\u0119biorstwo. Od lat wsp\u00f3\u0142pracujemy z wieloma firmami reprezentuj\u0105cymi rozmaite bran\u017ce i sektory gospodarki. Skorzystaj z naszego do\u015bwiadczenia oraz us\u0142ug doradczych, kt\u00f3re oferujemy, aby odnie\u015b\u0107 sukces.<\/span><\/p><p><span style=\"color: #000000;\">Decyduj\u0105c si\u0119 na wirtualne biuro Warszawa Mokot\u00f3w zyskujesz jeszcze wi\u0119cej. Opr\u00f3cz bogatej palety us\u0142ug \u015bwiadczonych zdalnie i adresu mo\u017cesz bowiem skorzysta\u0107 tak\u017ce z naszej sali konferencyjnej. Jest ona reprezentacyjna i znajduje si\u0119 w presti\u017cowo wygl\u0105daj\u0105cym budynku, dzi\u0119ki czemu z dum\u0105 spotkasz si\u0119 tu ze swoimi wsp\u00f3lnikami, pracownikami czy kontrahentami. Wywrzesz na nich dobre wra\u017cenie, a to mo\u017ce znacznie przy\u015bpieszy\u0107 rozw\u00f3j firmy.<\/span><\/p>\t\t\t\t\t\t\t\t<\/div>\n\t\t\t\t<\/div>\n\t\t\t\t\t<\/div>\n\t\t<\/div>\n\t\t\t\t\t<\/div>\n\t\t<\/section>\n\t\t\t\t<\/div>","protected":false},"excerpt":{"rendered":"<p>Wirtualne biuro Adres do rejestracji sp\u00f3\u0142ki Odbi\u00f3r korespondencji zwyk\u0142ej i poleconej Informacje o otrzymywaniu przesy\u0142ek drog\u0105 mailow\u0105 Wysy\u0142anie skan\u00f3w korespondencji Us\u0142ugi prawne Us\u0142ugi ksi\u0119gowe Biuro rachunkowe na miejscu Doradztwo Mo\u017cliwo\u015b\u0107 skorzystania z sali konferencyjnej Wirtualne &#8230; <\/p>\n<p class=\"read-more-container\"><a title=\"Virtual office\" class=\"read-more button\" href=\"https:\/\/taxservice.net.pl\/en\/wirtualne-biuro\/#more-1032\" aria-label=\"Read more about Wirtualne biuro\">Read More<\/a><\/p>","protected":false},"author":2,"featured_media":0,"parent":0,"menu_order":0,"comment_status":"closed","ping_status":"closed","template":"","meta":{"inline_featured_image":false,"footnotes":""},"class_list":{"0":"post-1032","1":"page","2":"type-page","3":"status-publish","5":"no-featured-image-padding"},"_links":{"self":[{"href":"https:\/\/taxservice.net.pl\/en\/wp-json\/wp\/v2\/pages\/1032","targetHints":{"allow":["GET"]}}],"collection":[{"href":"https:\/\/taxservice.net.pl\/en\/wp-json\/wp\/v2\/pages"}],"about":[{"href":"https:\/\/taxservice.net.pl\/en\/wp-json\/wp\/v2\/types\/page"}],"author":[{"embeddable":true,"href":"https:\/\/taxservice.net.pl\/en\/wp-json\/wp\/v2\/users\/2"}],"replies":[{"embeddable":true,"href":"https:\/\/taxservice.net.pl\/en\/wp-json\/wp\/v2\/comments?post=1032"}],"version-history":[{"count":3,"href":"https:\/\/taxservice.net.pl\/en\/wp-json\/wp\/v2\/pages\/1032\/revisions"}],"predecessor-version":[{"id":1072,"href":"https:\/\/taxservice.net.pl\/en\/wp-json\/wp\/v2\/pages\/1032\/revisions\/1072"}],"wp:attachment":[{"href":"https:\/\/taxservice.net.pl\/en\/wp-json\/wp\/v2\/media?parent=1032"}],"curies":[{"name":"wp","href":"https:\/\/api.w.org\/{rel}","templated":true}]}}