{"id":1107,"date":"2022-09-02T13:10:49","date_gmt":"2022-09-02T11:10:49","guid":{"rendered":"https:\/\/taxservice.net.pl\/?page_id=1107"},"modified":"2023-02-01T13:10:29","modified_gmt":"2023-02-01T12:10:29","slug":"ksiegowosc-spolki-z-o-o","status":"publish","type":"page","link":"https:\/\/taxservice.net.pl\/en\/ksiegowosc-spolki-z-o-o\/","title":{"rendered":"Ksi\u0119gowo\u015b\u0107 sp\u00f3\u0142ki z.o.o"},"content":{"rendered":"<div data-elementor-type=\"wp-post\" data-elementor-id=\"1107\" class=\"elementor elementor-1107\" data-elementor-post-type=\"page\">\n\t\t\t\t\t\t<section class=\"elementor-section elementor-top-section elementor-element elementor-element-2a2e4f1 elementor-section-boxed elementor-section-height-default elementor-section-height-default\" data-id=\"2a2e4f1\" data-element_type=\"section\" data-e-type=\"section\">\n\t\t\t\t\t\t<div class=\"elementor-container elementor-column-gap-default\">\n\t\t\t\t\t<div class=\"elementor-column elementor-col-100 elementor-top-column elementor-element elementor-element-f2be834\" data-id=\"f2be834\" data-element_type=\"column\" data-e-type=\"column\">\n\t\t\t<div class=\"elementor-widget-wrap elementor-element-populated\">\n\t\t\t\t\t\t<div class=\"elementor-element elementor-element-a90e4ae elementor-widget elementor-widget-heading\" data-id=\"a90e4ae\" data-element_type=\"widget\" data-e-type=\"widget\" data-widget_type=\"heading.default\">\n\t\t\t\t<div class=\"elementor-widget-container\">\n\t\t\t\t\t<h1 class=\"elementor-heading-title elementor-size-default\">Ksi\u0119gowo\u015b\u0107 sp\u00f3\u0142ki z.o.o<\/h1>\t\t\t\t<\/div>\n\t\t\t\t<\/div>\n\t\t\t\t\t<\/div>\n\t\t<\/div>\n\t\t\t\t\t<\/div>\n\t\t<\/section>\n\t\t\t\t<section class=\"elementor-section elementor-top-section elementor-element elementor-element-d3cba9b elementor-section-boxed elementor-section-height-default elementor-section-height-default\" data-id=\"d3cba9b\" data-element_type=\"section\" data-e-type=\"section\">\n\t\t\t\t\t\t<div class=\"elementor-container elementor-column-gap-default\">\n\t\t\t\t\t<div class=\"elementor-column elementor-col-50 elementor-top-column elementor-element elementor-element-279567f\" data-id=\"279567f\" data-element_type=\"column\" data-e-type=\"column\">\n\t\t\t<div class=\"elementor-widget-wrap elementor-element-populated\">\n\t\t\t\t\t\t<div class=\"elementor-element elementor-element-7ceb3b0 elementor-widget elementor-widget-image\" data-id=\"7ceb3b0\" data-element_type=\"widget\" data-e-type=\"widget\" data-widget_type=\"image.default\">\n\t\t\t\t<div class=\"elementor-widget-container\">\n\t\t\t\t\t\t\t\t\t\t\t\t\t\t\t<img fetchpriority=\"high\" decoding=\"async\" width=\"1024\" height=\"682\" src=\"https:\/\/taxservice.net.pl\/wp-content\/uploads\/2019\/04\/Strona_1-1024x682.jpg\" class=\"attachment-large size-large wp-image-616\" alt=\"\" srcset=\"https:\/\/taxservice.net.pl\/wp-content\/uploads\/2019\/04\/Strona_1-1024x682.jpg 1024w, https:\/\/taxservice.net.pl\/wp-content\/uploads\/2019\/04\/Strona_1-300x200.jpg 300w, https:\/\/taxservice.net.pl\/wp-content\/uploads\/2019\/04\/Strona_1-768x512.jpg 768w, https:\/\/taxservice.net.pl\/wp-content\/uploads\/2019\/04\/Strona_1.jpg 1688w\" sizes=\"(max-width: 1024px) 100vw, 1024px\" \/>\t\t\t\t\t\t\t\t\t\t\t\t\t\t\t<\/div>\n\t\t\t\t<\/div>\n\t\t\t\t\t<\/div>\n\t\t<\/div>\n\t\t\t\t<div class=\"elementor-column elementor-col-50 elementor-top-column elementor-element elementor-element-2e0040b\" data-id=\"2e0040b\" data-element_type=\"column\" data-e-type=\"column\">\n\t\t\t<div class=\"elementor-widget-wrap elementor-element-populated\">\n\t\t\t\t\t\t<div class=\"elementor-element elementor-element-abbde31 elementor-widget elementor-widget-text-editor\" data-id=\"abbde31\" data-element_type=\"widget\" data-e-type=\"widget\" data-widget_type=\"text-editor.default\">\n\t\t\t\t<div class=\"elementor-widget-container\">\n\t\t\t\t\t\t\t\t\t<p><span style=\"color: #000000;\">Prowadzisz w\u0142asn\u0105 dzia\u0142alno\u015b\u0107 gospodarcz\u0105 i zastanawiasz si\u0119 nad zmian\u0105 swojej ksi\u0119gowo\u015bci? A mo\u017ce dopiero przymierzasz si\u0119 do otworzenia w\u0142asnego interesu? Wyb\u00f3r nigdy nie jest prosty. Dobra ksi\u0119gowo\u015b\u0107, to w pewnym sensie poczucie bezpiecze\u0144stwa dla w\u0142a\u015bciciela firmy. Opieka, fachowa pomoc, wysoka jako\u015b\u0107 wykonywanych us\u0142ug, terminowo\u015b\u0107 &#8211; to powinno by\u0107 w standardzie, jednak jak wiadomo, \u017cycie niejednokrotnie udowadnia, \u017ce jest inaczej.<\/span><\/p><p><span style=\"color: #000000;\">Jak zatem powinna wygl\u0105da\u0107 fachowa ksi\u0119gowo\u015b\u0107 i na jakie us\u0142ugi powinny mo\u017cemy liczy\u0107? Co mo\u017ce by\u0107 nam potrzebne? Jak stawia\u0107 pierwsze kroki w sp\u00f3\u0142ce i o co zawsze mo\u017cemy zapyta\u0107? Na te i wiele innych pyta\u0144 odpowiedz\u0105 specjali\u015bci z Tax Service &#8211; warszawskiego biura ksi\u0119gowego, od wielu lat dzia\u0142aj\u0105cego na polskim rynku, kt\u00f3ry pod swoja opiek\u0105 mia\u0142 wiele firm. Zagadnienia ksi\u0119gowe (i nie tylko) nie maj\u0105 przed specjalistami z Tax Service \u017cadnych tajemnic.<\/span><\/p>\t\t\t\t\t\t\t\t<\/div>\n\t\t\t\t<\/div>\n\t\t\t\t\t<\/div>\n\t\t<\/div>\n\t\t\t\t\t<\/div>\n\t\t<\/section>\n\t\t\t\t<section class=\"elementor-section elementor-top-section elementor-element elementor-element-b5d2000 elementor-section-boxed elementor-section-height-default elementor-section-height-default\" data-id=\"b5d2000\" data-element_type=\"section\" data-e-type=\"section\">\n\t\t\t\t\t\t<div class=\"elementor-container elementor-column-gap-default\">\n\t\t\t\t\t<div class=\"elementor-column elementor-col-100 elementor-top-column elementor-element elementor-element-82c9ff0\" data-id=\"82c9ff0\" data-element_type=\"column\" data-e-type=\"column\">\n\t\t\t<div class=\"elementor-widget-wrap elementor-element-populated\">\n\t\t\t\t\t\t<div class=\"elementor-element elementor-element-8e397f7 elementor-widget elementor-widget-text-editor\" data-id=\"8e397f7\" data-element_type=\"widget\" data-e-type=\"widget\" data-widget_type=\"text-editor.default\">\n\t\t\t\t<div class=\"elementor-widget-container\">\n\t\t\t\t\t\t\t\t\t<h2><span style=\"color: #000000;\"><strong>Ile kosztuje ksi\u0119gowo\u015b\u0107 sp\u00f3\u0142ki z o.o.?<\/strong><\/span><\/h2><p><span style=\"color: #000000;\">Na to pytanie nie ma jednej, prostej odpowiedzi. Dlaczego? Ka\u017cda klient jest inny i wymaga indywidualnego podej\u015bcia. Dla warszawskie biura rachunkowego, posiadaj\u0105cego szerok\u0105 ofert\u0119 us\u0142ug, w kt\u00f3rych si\u0119 specjalizuje, klient i jego potrzeby zawsze stoj\u0105 na pierwszym miejscu. Do ka\u017cdego Klienta Biuro podchodzi profesjonalnie i z najwi\u0119ksz\u0105 dba\u0142o\u015bci\u0105, dlatego ka\u017cda oferta szyta jest na jego miar\u0119 i aktualne potrzeby. W tym celu TAX Service przeprowadza analiz\u0119, po kt\u00f3rej to dopiero mo\u017cliwa jest wycena.<\/span><\/p><h3><span style=\"color: #000000;\"><strong>Jak prowadzi\u0107 ksi\u0119gowo\u015b\u0107 sp\u00f3\u0142ki z o.o?<\/strong><\/span><\/h3><p><span style=\"color: #000000;\">Ksi\u0119gowo\u015b\u0107 to jeden z newralgicznych aspekt\u00f3w prowadzenia sp\u00f3\u0142ki. Chc\u0105c nie chc\u0105c, przed liczbami i rachunkami nie ma ucieczki. Ci kt\u00f3rzy ju\u017c prowadz\u0105 w\u0142asn\u0105 firm\u0119 (ale nie tylko), dobrze wiedz\u0105, \u017ce prawne zawi\u0142o\u015bci potrafi\u0105 wywo\u0142a\u0107 b\u00f3l g\u0142owy.<\/span><\/p><p><span style=\"color: #000000;\">Tylko problemy i b\u00f3l g\u0142owy, wi\u0119c jak zatem sobie poradzi\u0107 i poprowadzi\u0107 ksi\u0119gowo\u015b\u0107? Znale\u017a\u0107 ofert\u0119 prowadzenia ksi\u0119gowo\u015bci i odda\u0107 si\u0119 w r\u0119ce specjalist\u00f3w, kt\u00f3rzy pomog\u0105 upora\u0107 si\u0119 z tym, co wydaje nam si\u0119 nie do ogarni\u0119cia.<\/span><\/p><p><span style=\"color: #000000;\">Dzi\u0119ki wsparciu warszawskiego biura rachunkowego zar\u00f3wno ci m\u0142odzi, jak i do\u015bwiadczeni przedsi\u0119biorcy unikn\u0105 nie tylko stresu, ale r\u00f3wnie\u017c potencjalnych b\u0142\u0119d\u00f3w, za kt\u00f3re mo\u017ce przyj\u015b\u0107 im s\u0142ono zap\u0142aci\u0107, a niestety niewiedza na temat prawa nie jest okoliczno\u015bci\u0105 usprawiedliwiaj\u0105c\u0105. Kary za niewywi\u0105zywanie si\u0119 z obowi\u0105zk\u00f3w p\u0142atniczych lub nieprzestrzeganie termin\u00f3w s\u0105 wysokie i mog\u0105 przekre\u015bli\u0107 \u015bwietlan\u0105 przysz\u0142o\u015b\u0107 firmy.<\/span><\/p><h3><span style=\"color: #000000;\"><strong>Kto mo\u017ce prowadzi\u0107 ksi\u0119gowo\u015b\u0107 sp\u00f3\u0142ki z o.o?<\/strong><\/span><\/h3><p><span style=\"color: #000000;\">Prostota odpowiedzi mo\u017ce zaskoczy\u0107 &#8211; ka\u017cdy. Kilka lat temu zmieni\u0142y si\u0119 regulacje i nie trzeba ju\u017c by\u0107 zarejestrowanym ksi\u0119gowym, by m\u00f3c si\u0119 tym zajmowa\u0107. Trzeba jednak pami\u0119ta\u0107, \u017ce sama umiej\u0119tno\u015b\u0107 liczenia, szybkie kursy internetowe czy wideoporadniki nie zast\u0105pi\u0105 lat nauki i do\u015bwiadczenia. Osoba prowadz\u0105ca ksi\u0119gowo\u015b\u0107 musi mie\u0107 rozleg\u0142\u0105 wiedz\u0119 z prawa podatkowego i gospodarczego. Ksi\u0119gowo\u015b\u0107 nie ko\u0144czy si\u0119 na obs\u0142udze kalkulator i programu Excel.<\/span><\/p><p><span style=\"color: #000000;\">Najlepszym rozwi\u0105zaniem dla os\u00f3b prowadz\u0105cych w\u0142asn\u0105 firm\u0119 jest skorzystanie z us\u0142ug, na przyk\u0142ad biura rachunkowego. Dzi\u0119ki do\u015bwiadczeniu, znajomo\u015bci prawa i szybkiej reakcji na jego zmiany profesjonalny ksi\u0119gowy jest w stanie prowadzi\u0107 ksi\u0119gowo\u015b\u0107 ka\u017cdej firmy.<\/span><\/p><h3><span style=\"color: #000000;\"><strong>Czym si\u0119 r\u00f3\u017cni ksi\u0119gowo\u015b\u0107 w sp\u00f3\u0142ce z o.o. od ksi\u0119gowo\u015bci w jednoosobowej dzia\u0142alno\u015bci gospodarczej?<\/strong><\/span><\/h3><p><span style=\"color: #000000;\">By zrozumie\u0107, jak zmienia si\u0119 zakres ksi\u0119gowo\u015bci przy zmianie charakteru dzia\u0142alno\u015bci z jednoosobowej na sp\u00f3\u0142k\u0119 z ograniczon\u0105 odpowiedzialno\u015bci\u0105, nale\u017cy odpowiedzie\u0107 na pytanie, czym r\u00f3\u017cni\u0105 si\u0119 te formy prawne.<\/span><\/p><p><span style=\"color: #000000;\">Osoba b\u0119d\u0105ca na jednoosobowej dzia\u0142alno\u015bci gospodarczej jest osob\u0105 fizyczn\u0105 i rozlicza si\u0119 na podstawie PIT, czyli p\u0142aci podatek dochodowy od <strong>os\u00f3b fizycznych<\/strong>. Sp\u00f3\u0142ka z ograniczon\u0105 odpowiedzialno\u015bci\u0105 nie jest osob\u0105 fizyczn\u0105, a prawn\u0105, dlatego rozlicza si\u0119 powinna na podstawie CIT, czyli p\u0142aci\u0107 podatek dochodowy od os\u00f3b prawnych. To najistotniejsza r\u00f3\u017cnica, kt\u00f3ra otwiera drog\u0119 do dalszego zr\u00f3\u017cnicowania. Kolejnym elementem, kt\u00f3ry mo\u017ce wp\u0142yn\u0105\u0107 na inne podej\u015bcie do ksi\u0119gowo\u015bci, jest mo\u017cliwo\u015b\u0107 zatrudniania pracownik\u00f3w podczas w sp\u00f3\u0142ce z o.o.<\/span><\/p><p><span style=\"color: #000000;\">Zag\u0142\u0119biaj\u0105c si\u0119 w temat zaczyna si\u0119 okazywa\u0107, \u017ce r\u00f3\u017cnic jest znacznie wi\u0119cej. A im wi\u0119ksza firma, tym robi si\u0119 ci\u0119\u017cej. Dlatego swoj\u0105 ksi\u0119gowo\u015b\u0107 lepiej powierzy\u0107 specjalistom, takim jak biuro rachunkowe Tax Service, i nie martwi\u0107 si\u0119 wi\u0119cej o rozliczenia.<\/span><\/p><h3><span style=\"color: #000000;\"><strong>Jak zawiesi\u0107 dzia\u0142alno\u015b\u0107 sp\u00f3\u0142ki z o.o?<\/strong><\/span><\/h3><p><span style=\"color: #000000;\">Kiedy nadchodz\u0105 trudne czasy, w\u0142a\u015bciciele firm niejednokrotnie staj\u0105 przed trudnymi decyzjami. Najtrudniejsz\u0105, mo\u017cna si\u0119 domy\u015bla\u0107, jest zamkni\u0119cie firmy. Jest to jednak rozwi\u0105zanie ostateczne, przed kt\u00f3rym warto rozwa\u017cy\u0107 inne mo\u017cliwo\u015bci &#8211; na przyk\u0142ad czasowe zawieszenie dzia\u0142alno\u015bci. Sp\u00f3\u0142k\u0119 mo\u017cna zawiesi\u0107 na okres od 30 dni do nawet 2 lat.<\/span><\/p><p><span style=\"color: #000000;\">Zawieszenie sp\u00f3\u0142ki nale\u017cy zg\u0142osi\u0107 do Krajowego Rejestru S\u0105dowego. Aby tego dokona\u0107 nale\u017cy z\u0142o\u017cy\u0107 wniosek za po\u015brednictwem Portalu Rejestr\u00f3w S\u0105dowych. Dane z wniosku s\u0105 automatycznie przekazywane do odpowiednich instytucji (CRP, krajowego rejestru urz\u0119dowego podmiot\u00f3w gospodarki narodowej, ZUS) i nie trzeba do ka\u017cdej z instytucji sk\u0142ada\u0107 osobnego wniosku.<\/span><\/p><p><span style=\"color: #000000;\">Przechodzenie przez formalno\u015bci mo\u017ce by\u0107 trudne i stresuj\u0105ce, dlatego w kwestii za\u0142o\u017cenia, zawieszenia czy, co smutniejsze, ca\u0142kowitego zamkni\u0119cia sp\u00f3\u0142ki, warto zwr\u00f3ci\u0107 si\u0119 do do\u015bwiadczonych os\u00f3b.<\/span><\/p><h3><span style=\"color: #000000;\"><strong>Umowa sp\u00f3\u0142ki z o.o. &#8211; na co zwr\u00f3ci\u0107 uwag\u0119?<\/strong><\/span><\/h3><p><span style=\"color: #000000;\">Na ten moment w naszym kraju sp\u00f3\u0142k\u0119 z ograniczona odpowiedzialno\u015bci\u0105 mo\u017cna za\u0142o\u017cy\u0107 na dwa sposoby &#8211; elektronicznie oraz w tradycyjny spos\u00f3b, czyli notarialnie. Oba sposoby s\u0105 wci\u0105\u017c stosowane, cho\u0107 ten pierwszy jest zdecydowanie bardziej popularny ze wzgl\u0119du na mniejsze skomplikowanie i ni\u017csz\u0105 cen\u0119. Jak mo\u017cna si\u0119 spodziewa\u0107, ka\u017cdy z tych\u017ce sposob\u00f3w ma nieco inn\u0105 specyfik\u0119 i przebieg. Co jest wa\u017cne i na co nale\u017cy zwr\u00f3ci\u0107 szczeg\u00f3lna uwag\u0119?<\/span><\/p><p><span style=\"color: #000000;\">Z\u0142o\u017cenie sp\u00f3\u0142ki elektronicznie w systemie S24, jak zosta\u0142o wspomniane powy\u017cej, jest obecnie korzystniejsze dla wnioskodawcy. Spos\u00f3b ten jest zdecydowanie szybszy od tradycyjnego i pozwala zaoszcz\u0119dzi\u0107 sporo czasu. Ponadto, koszty s\u0105dowe s\u0105 o po\u0142ow\u0119 ni\u017csze. Tym sposobem mo\u017cna samodzielnie dopi\u0105\u0107 wszystkich formalno\u015bci.<\/span><\/p><p><span style=\"color: #000000;\">Tradycyjny spos\u00f3b za\u015b wymaga obecno\u015bci notariusza, kt\u00f3ry sporz\u0105dzi umow\u0119 i przygotuje wniosek. Taka umowa jest szyta na miar\u0119 i potrzeby klienta. Proces ten jest dro\u017cszy i d\u0142u\u017cszy, jednak zapewnia wnioskodawcom pe\u0142n\u0105 kontrol\u0119 oraz profesjonaln\u0105 opiek\u0119 w trakcie trwania ca\u0142ego procesu.<\/span><\/p><h3><span style=\"color: #000000;\"><strong>Jak wyp\u0142aci\u0107 pieni\u0105dze ze sp\u00f3\u0142ki z o.o bez podatku?<\/strong><\/span><\/h3><p><span style=\"color: #000000;\">To kolejny wa\u017cny punkt &#8211; wa\u017cny z punktu widzenia w\u0142a\u015bciciela firmy. Kiedy interes przynosi upragnione zyski, przychody rosn\u0105, warto wiedzie\u0107, jak wyp\u0142aci\u0107 pieni\u0105dze ze sp\u00f3\u0142ki, by m\u00f3c z nich korzysta\u0107.<\/span><\/p><p><span style=\"color: #000000;\">Nale\u017cy zaznaczy\u0107 na wst\u0119pie &#8211; nie istnieje mo\u017cliwo\u015b\u0107 wyp\u0142aty pieni\u0119dzy ze sp\u00f3\u0142ki bez odprowadzania podatku. Ka\u017cda transakcja pieni\u0119\u017cna w tym przypadku podlega opodatkowaniu &#8211; wynika to z polskiego prawa. Mo\u017cna za to zastanowi\u0107 si\u0119, jakie s\u0105 najkorzystniejsze i najbezpieczniejsze finansowo dla przedsi\u0119biorcy metody wyp\u0142acenia pieni\u0119dzy.<\/span><\/p><h3><span style=\"color: #000000;\"><strong>Jak wyp\u0142aci\u0107 pieni\u0105dze ze sp\u00f3\u0142ki z o.o?<\/strong><\/span><\/h3><p><span style=\"color: #000000;\">Istnieje kilka metod wyp\u0142acania pieni\u0119dzy ze sp\u00f3\u0142ki z ograniczon\u0105 odpowiedzialno\u015bci\u0105. Oto one:<\/span><\/p><ul><li><span style=\"color: #000000;\">wyp\u0142ata dywidendy &#8211; ma\u0142o korzystny spos\u00f3b wyp\u0142aty pieni\u0119dzy ze sp\u00f3\u0142ki ze wzgl\u0119du na problem tak zwanego podw\u00f3jnego opodatkowania,<\/span><\/li><li><span style=\"color: #000000;\">praca na rzecz swojej sp\u00f3\u0142ki na podstawie:<\/span><ul><li><span style=\"color: #000000;\">umowa o prac\u0119 &#8211; najmniej op\u0142acalna metoda ze wzgl\u0119du na wysokie podatki,<\/span><\/li><li><span style=\"color: #000000;\">umowa o dzie\u0142o,<\/span><\/li><\/ul><\/li><li><span style=\"color: #000000;\">\u015bwiadczenie us\u0142ug na rzecz zarz\u0105du swojej sp\u00f3\u0142ki, czyli sprawowanie funkcji cz\u0142onka zarz\u0105du &#8211; sprawdza si\u0119 to przede wszystkim w ma\u0142ych firmach,<\/span><\/li><li><span style=\"color: #000000;\">wystawianie faktur na w\u0142asn\u0105 sp\u00f3\u0142k\u0119.<\/span><\/li><\/ul><p><span style=\"color: #000000;\">Ka\u017cda metoda ma swoje wady i zalety, dlatego decyzja powinna by\u0107 przemy\u015blana, a najlepiej skonsultowa\u0107 z kim\u015b, kto zna si\u0119 na kwestiach finansowych i b\u0119dzie w stanie najlepiej doradzi\u0107 &#8211; na przyk\u0142ad ksi\u0119gowy.<\/span><\/p><h3><span style=\"color: #000000;\"><strong>Wynagrodzenia dla wsp\u00f3lnik\u00f3w w kosztach sp\u00f3\u0142ki z o.o.<\/strong><\/span><\/h3><p><span style=\"color: #000000;\">Istnieje jeszcze jedna mo\u017cliwo\u015b\u0107 uzyskiwania pieni\u0119dzy ze sp\u00f3\u0142ki &#8211; wynagrodzenie wyp\u0142acane wsp\u00f3lnikom za \u015bwiadczenia niepieni\u0119\u017cne wykonywane na rzez sp\u00f3\u0142ki. Co to oznacza? Wsp\u00f3lnicy, b\u0119d\u0105cy cz\u0142onkami zarz\u0105du sp\u00f3\u0142ki i nie b\u0119d\u0105cy przy tym w niej zatrudnieni w \u017cadnym charakterze, mog\u0105 pobiera\u0107 wynagrodzenie. Co na to prawo?<\/span><\/p><p><span style=\"color: #000000;\">Koszt jako cel<\/span><\/p><p><span style=\"color: #000000;\">Istotne w tej sprawie jest zrozumieniu kosztu oraz celu, dla jakiego koszt zosta\u0142 poniesiony. Je\u015bli wsp\u00f3lnicy wykonuj\u0105 prac\u0119 zwi\u0105zan\u0105 bezpo\u015brednio z profilem firmy, czyli najpro\u015bciej m\u00f3wi\u0105c &#8211; wydatek (wynagrodzenie) jest uznany jako koszt uzyskania przychodu, je\u015bli dzi\u0119ki niemu firma mo\u017ce odnotowa\u0107 przych\u00f3d lub mo\u017cliwo\u015b\u0107 powstania przychodu.<\/span><\/p><p>\u00a0<\/p><p><span style=\"color: #000000;\">Ku takiemu rozumieniu prawa sk\u0142ania si\u0119 r\u00f3wnie\u017c Dyrektor Krajowej Informacji Skarbowej. Wed\u0142ug niego wynagrodzenia wyp\u0142acane przez sp\u00f3\u0142k\u0119 z o.o. jej wsp\u00f3lnikom za \u015bwiadczenia niepieni\u0119\u017cne wykonywane na jej rzecz s\u0105 w tej sp\u00f3\u0142ce kosztami uzyskania przychod\u00f3w. Nale\u017cy r\u00f3wnie\u017c pami\u0119ta\u0107 o stosownym zapisie w umowie sp\u00f3\u0142ki. Wskazuje na to art. 176. \u00a7 1 Kodeksu sp\u00f3\u0142ek handlowych.<\/span><\/p><p>\u00a0<\/p><p><span style=\"color: #000000;\">Art. 176. \u00a7 1. Je\u017celi wsp\u00f3lnik ma by\u0107 zobowi\u0105zany do powtarzaj\u0105cych si\u0119 \u015bwiadcze\u0144 niepieni\u0119\u017cnych, w umowie sp\u00f3\u0142ki nale\u017cy oznaczy\u0107 rodzaj i zakres takich \u015bwiadcze\u0144.<\/span><\/p><h3><span style=\"color: #000000;\"><strong>Do kiedy rozliczenie sp\u00f3\u0142ki z o.o?<\/strong><\/span><\/h3><p><span style=\"color: #000000;\">Sp\u00f3\u0142ki z ograniczon\u0105 odpowiedzialno\u015bci\u0105 rozliczaj\u0105 si\u0119 na podstawie dokumentu CIT (podatek dochodowy od os\u00f3b prawnych). Organizacje pozarz\u0105dowe maj\u0105 obowi\u0105zek sk\u0142ada\u0107 deklaracj\u0119 CIT-8.<\/span><\/p><p><span style=\"color: #000000;\">Ustawowym okresem na sk\u0142adanie o\u015bwiadcze\u0144 s\u0105 3 miesi\u0105ce od zako\u0144czenia minionego roku podatkowego, czyli wed\u0142ug prawa firmy powinny mie\u0107 czas do 31 marca ka\u017cdego roku na przes\u0142anie deklaracji CIT-8.<\/span><\/p><p><span style=\"color: #000000;\">W ostatnich latach zasz\u0142a jednak zmiana. Od 2020 roku, skutkiem pandemii oraz wprowadzenia Polskiego \u0141adu, termin by\u0142 wyd\u0142u\u017cony o dodatkowe 3 miesi\u0105ce, czyli CIT-8 za 2021 i 2022 rok musia\u0142 by\u0107 z\u0142o\u017cony do ko\u0144ca czerwca.<\/span><\/p><h3><span style=\"color: #000000;\"><strong>Ile trwa za\u0142o\u017cenie sp\u00f3\u0142ki z o.o?<\/strong><\/span><\/h3><p><span style=\"color: #000000;\">Jak ju\u017c zosta\u0142o wspomniane wy\u017cej, w Polsce sp\u00f3\u0142k\u0119 z ograniczona odpowiedzialno\u015bci\u0105 mo\u017cna za\u0142o\u017cy\u0107 na dwa sposoby &#8211; elektronicznie oraz notarialnie. Metoda ma wp\u0142yw na czas, kt\u00f3ry up\u0142ynie od rozpocz\u0119cia procedur, do oficjalnego otwarcia sp\u00f3\u0142ki.<\/span><\/p><p><span style=\"color: #000000;\">Spos\u00f3b elektroniczny jest szybszy i ta\u0144szy. Dzi\u0119ki niemu mo\u017cna za\u0142o\u017cy\u0107 sp\u00f3\u0142k\u0119 nawet w <strong>mniej ni\u017c tydzie\u0144<\/strong>. Je\u015bli jednak wnioskodawcy wol\u0105 tradycyjny spos\u00f3b &#8211; z pomoc\u0105 specjalist\u00f3w dope\u0142nianie formalno\u015bci <strong>nie powinno przekroczy\u0107 miesi\u0105ca<\/strong>.<\/span><\/p><h3><span style=\"color: #000000;\"><strong>Zmiana nazwy sp\u00f3\u0142ki z o.o. jakie dokumenty?<\/strong><\/span><\/h3><p><span style=\"color: #000000;\">Zmiana nazwy sp\u00f3\u0142ki to\u017csama jest ze zmian\u0105 w umowie sp\u00f3\u0142ki, a ta wymaga podj\u0119cia uchwa\u0142y wsp\u00f3lnik\u00f3w o zmianie umowy sp\u00f3\u0142ki, rejestracji zmiany umowy sp\u00f3\u0142ki w Krajowym Rejestrze S\u0105dowym (KRS), a tak\u017ce og\u0142oszenia tego w \u201eMonitorze S\u0105dowym i Gospodarczym\u201d.<\/span><\/p><p><span style=\"color: #000000;\">Uchwa\u0142a musi zosta\u0107 z\u0142o\u017cona do KRS w formie sporz\u0105dzonego przez notariusza protoko\u0142u, kt\u00f3ry b\u0119dzie zawiera\u0142 tre\u015b\u0107 podj\u0119tej uchwa\u0142y. Wniosek o zmian\u0119 nale\u017cy z\u0142o\u017cy\u0107 drog\u0105 elektroniczn\u0105 na Portalu Rejestr\u00f3w S\u0105dowych i do\u0142\u0105czy\u0107 do niego dokument notarialny z uchwa\u0142\u0105 wsp\u00f3lnik\u00f3w dotycz\u0105c\u0105 zmiany tre\u015bci umowy sp\u00f3\u0142ki oraz nowy tekst jednolity umowy sp\u00f3\u0142ki uwzgl\u0119dniaj\u0105cy wprowadzone zmiany.<\/span><\/p><p><span style=\"color: #000000;\">Dodatkowo nale\u017cy z\u0142o\u017cy\u0107 dow\u00f3d wp\u0142aty op\u0142aty s\u0105dowej oraz dow\u00f3d wp\u0142aty op\u0142aty za og\u0142oszenie w Monitorze S\u0105dowym i Gospodarczym.<\/span><\/p><p><span style=\"color: #000000;\"><strong>\u00a0<\/strong><\/span><\/p><h2><span style=\"color: #000000;\"><strong>Szeroka oferta us\u0142ug dla ma\u0142ych i du\u017cych firm<\/strong><\/span><\/h2><p><span style=\"color: #000000;\">Kwestie prawne potrafi\u0105 sp\u0119dza\u0107 sen z oczu. Dlatego lepiej nie ryzykowa\u0107 &#8211; warto skorzysta\u0107 z pomocy specjalist\u00f3w. <strong>Biuro rachunkowe TAX Service z warszawskiego Mokotowa<\/strong> \u015bwiadczy us\u0142ugi dla ma\u0142ych i du\u017cych firm w profesjonalny i kompleksowy spos\u00f3b. Warszawskie biuro ksi\u0119gowe to specjali\u015bci, kt\u00f3rzy poprowadz\u0105 od pocz\u0105tku klienta przez meandry polskiego prawa podatkowego.<\/span><\/p><p><span style=\"color: #000000;\">Tax Services w swojej ofercie posiada us\u0142ugi:<\/span><\/p><ul><li><span style=\"color: #000000;\">sporz\u0105dzania um\u00f3w sp\u00f3\u0142ek (cywilne, osobowe) oraz prawniczych,<\/span><\/li><li><span style=\"color: #000000;\">sporz\u0105dzenia projektu umowy sp\u00f3\u0142ki z ograniczon\u0105 odpowiedzialno\u015bci\u0105,<\/span><\/li><li><span style=\"color: #000000;\">analizy um\u00f3w sp\u00f3\u0142ek,<\/span><\/li><li><span style=\"color: #000000;\">opinii prawnej,<\/span><\/li><\/ul><p><span style=\"color: #000000;\">a tak\u017ce:<\/span><\/p><ul><li><span style=\"color: #000000;\">ksi\u0119gowo\u015b\u0107 sp\u00f3\u0142ki z o.o.,<\/span><\/li><li><span style=\"color: #000000;\">us\u0142ugi administracyjne,<\/span><\/li><li><span style=\"color: #000000;\">obs\u0142uga kadrowo-p\u0142acowa,<\/span><\/li><\/ul><p><span style=\"color: #000000;\">i wiele innych. Pe\u0142en zakres us\u0142ug \u015bwiadczonych przez Tax Service znajduje si\u0119 w zak\u0142adce <a href=\"https:\/\/taxservice.net.pl\/en\/#oferta\"><strong>Our Services<\/strong><\/a>.<\/span><\/p>\t\t\t\t\t\t\t\t<\/div>\n\t\t\t\t<\/div>\n\t\t\t\t\t<\/div>\n\t\t<\/div>\n\t\t\t\t\t<\/div>\n\t\t<\/section>\n\t\t\t\t<\/div>","protected":false},"excerpt":{"rendered":"<p>Ksi\u0119gowo\u015b\u0107 sp\u00f3\u0142ki z.o.o Prowadzisz w\u0142asn\u0105 dzia\u0142alno\u015b\u0107 gospodarcz\u0105 i zastanawiasz si\u0119 nad zmian\u0105 swojej ksi\u0119gowo\u015bci? A mo\u017ce dopiero przymierzasz si\u0119 do otworzenia w\u0142asnego interesu? Wyb\u00f3r nigdy nie jest prosty. Dobra ksi\u0119gowo\u015b\u0107, to w pewnym sensie poczucie &#8230; <\/p>\n<p class=\"read-more-container\"><a title=\"Ksi\u0119gowo\u015b\u0107 sp\u00f3\u0142ki z.o.o\" class=\"read-more button\" href=\"https:\/\/taxservice.net.pl\/en\/ksiegowosc-spolki-z-o-o\/#more-1107\" aria-label=\"Read more about Ksi\u0119gowo\u015b\u0107 sp\u00f3\u0142ki z.o.o\">Read More<\/a><\/p>","protected":false},"author":2,"featured_media":0,"parent":0,"menu_order":0,"comment_status":"closed","ping_status":"closed","template":"","meta":{"inline_featured_image":false,"footnotes":""},"class_list":{"0":"post-1107","1":"page","2":"type-page","3":"status-publish","5":"no-featured-image-padding"},"_links":{"self":[{"href":"https:\/\/taxservice.net.pl\/en\/wp-json\/wp\/v2\/pages\/1107","targetHints":{"allow":["GET"]}}],"collection":[{"href":"https:\/\/taxservice.net.pl\/en\/wp-json\/wp\/v2\/pages"}],"about":[{"href":"https:\/\/taxservice.net.pl\/en\/wp-json\/wp\/v2\/types\/page"}],"author":[{"embeddable":true,"href":"https:\/\/taxservice.net.pl\/en\/wp-json\/wp\/v2\/users\/2"}],"replies":[{"embeddable":true,"href":"https:\/\/taxservice.net.pl\/en\/wp-json\/wp\/v2\/comments?post=1107"}],"version-history":[{"count":7,"href":"https:\/\/taxservice.net.pl\/en\/wp-json\/wp\/v2\/pages\/1107\/revisions"}],"predecessor-version":[{"id":1132,"href":"https:\/\/taxservice.net.pl\/en\/wp-json\/wp\/v2\/pages\/1107\/revisions\/1132"}],"wp:attachment":[{"href":"https:\/\/taxservice.net.pl\/en\/wp-json\/wp\/v2\/media?parent=1107"}],"curies":[{"name":"wp","href":"https:\/\/api.w.org\/{rel}","templated":true}]}}