{"id":1118,"date":"2022-10-10T14:05:45","date_gmt":"2022-10-10T12:05:45","guid":{"rendered":"https:\/\/taxservice.net.pl\/?page_id=1118"},"modified":"2022-10-10T14:07:52","modified_gmt":"2022-10-10T12:07:52","slug":"artykuly","status":"publish","type":"page","link":"https:\/\/taxservice.net.pl\/en\/artykuly\/","title":{"rendered":"ARTYKU\u0141Y"},"content":{"rendered":"<div data-elementor-type=\"wp-page\" data-elementor-id=\"1118\" class=\"elementor elementor-1118\" data-elementor-post-type=\"page\">\n\t\t\t\t\t\t<section class=\"elementor-section elementor-top-section elementor-element elementor-element-20ad650 elementor-section-boxed elementor-section-height-default elementor-section-height-default\" data-id=\"20ad650\" data-element_type=\"section\" data-e-type=\"section\">\n\t\t\t\t\t\t<div class=\"elementor-container elementor-column-gap-default\">\n\t\t\t\t\t<div class=\"elementor-column elementor-col-100 elementor-top-column elementor-element elementor-element-17e3fd8\" data-id=\"17e3fd8\" data-element_type=\"column\" data-e-type=\"column\">\n\t\t\t<div class=\"elementor-widget-wrap elementor-element-populated\">\n\t\t\t\t\t\t<div class=\"elementor-element elementor-element-1ea5525 elementor-grid-3 elementor-grid-tablet-2 elementor-grid-mobile-1 elementor-posts--thumbnail-top elementor-widget elementor-widget-posts\" data-id=\"1ea5525\" data-element_type=\"widget\" data-e-type=\"widget\" data-settings=\"{&quot;pagination_type&quot;:&quot;numbers&quot;,&quot;classic_columns&quot;:&quot;3&quot;,&quot;classic_columns_tablet&quot;:&quot;2&quot;,&quot;classic_columns_mobile&quot;:&quot;1&quot;,&quot;classic_row_gap&quot;:{&quot;unit&quot;:&quot;px&quot;,&quot;size&quot;:35,&quot;sizes&quot;:[]},&quot;classic_row_gap_tablet&quot;:{&quot;unit&quot;:&quot;px&quot;,&quot;size&quot;:&quot;&quot;,&quot;sizes&quot;:[]},&quot;classic_row_gap_mobile&quot;:{&quot;unit&quot;:&quot;px&quot;,&quot;size&quot;:&quot;&quot;,&quot;sizes&quot;:[]}}\" data-widget_type=\"posts.classic\">\n\t\t\t\t<div class=\"elementor-widget-container\">\n\t\t\t\t\t\t\t<div class=\"elementor-posts-container elementor-posts elementor-posts--skin-classic elementor-grid\" role=\"list\">\n\t\t\t\t<article class=\"elementor-post elementor-grid-item post-1258 post type-post status-publish format-standard has-post-thumbnail hentry category-blog no-featured-image-padding\" role=\"listitem\">\n\t\t\t\t<a class=\"elementor-post__thumbnail__link\" href=\"https:\/\/taxservice.net.pl\/en\/jak-zoptymalizowac-ksiegowosc-z-biurem-rachunkowym-w-warszawie-mokotow\/\" tabindex=\"-1\" >\n\t\t\t<div class=\"elementor-post__thumbnail\"><img fetchpriority=\"high\" decoding=\"async\" width=\"300\" height=\"200\" src=\"https:\/\/taxservice.net.pl\/wp-content\/uploads\/2025\/01\/image001-300x200.jpg\" class=\"attachment-medium size-medium wp-image-1271\" alt=\"Jak zoptymalizowa\u0107 ksi\u0119gowo\u015b\u0107 z biurem rachunkowym w Warszawie Mokot\u00f3w?\" srcset=\"https:\/\/taxservice.net.pl\/wp-content\/uploads\/2025\/01\/image001-300x200.jpg 300w, https:\/\/taxservice.net.pl\/wp-content\/uploads\/2025\/01\/image001-768x512.jpg 768w, https:\/\/taxservice.net.pl\/wp-content\/uploads\/2025\/01\/image001-18x12.jpg 18w, https:\/\/taxservice.net.pl\/wp-content\/uploads\/2025\/01\/image001.jpg 1024w\" sizes=\"(max-width: 300px) 100vw, 300px\" \/><\/div>\n\t\t<\/a>\n\t\t\t\t<div class=\"elementor-post__text\">\n\t\t\t\t<h3 class=\"elementor-post__title\">\n\t\t\t<a href=\"https:\/\/taxservice.net.pl\/en\/jak-zoptymalizowac-ksiegowosc-z-biurem-rachunkowym-w-warszawie-mokotow\/\" >\n\t\t\t\tJak zoptymalizowa\u0107 ksi\u0119gowo\u015b\u0107 z biurem rachunkowym w Warszawie Mokot\u00f3w?\t\t\t<\/a>\n\t\t<\/h3>\n\t\t\t\t<div class=\"elementor-post__excerpt\">\n\t\t\t<p>Czy zmagasz si\u0119 z chaosem w finansach swojej firmy? Skuteczna optymalizacja ksi\u0119gowo\u015bci, dzi\u0119ki wsp\u00f3\u0142pracy z profesjonalnym biurem rachunkowym na warszawskim Mokotowie, mo\u017ce by\u0107 kluczem do odzyskania kontroli nad finansami i znacz\u0105cego zwi\u0119kszenia efektywno\u015bci zarz\u0105dzania. W<\/p>\n\t\t<\/div>\n\t\t\n\t\t<a class=\"elementor-post__read-more\" href=\"https:\/\/taxservice.net.pl\/en\/jak-zoptymalizowac-ksiegowosc-z-biurem-rachunkowym-w-warszawie-mokotow\/\" aria-label=\"Read more about Jak zoptymalizowa\u0107 ksi\u0119gowo\u015b\u0107 z biurem rachunkowym w Warszawie Mokot\u00f3w?\" tabindex=\"-1\" >\n\t\t\tCzytaj wi\u0119cej \u00bb\t\t<\/a>\n\n\t\t\t\t<\/div>\n\t\t\t\t<\/article>\n\t\t\t\t<article class=\"elementor-post elementor-grid-item post-1252 post type-post status-publish format-standard has-post-thumbnail hentry category-blog no-featured-image-padding\" role=\"listitem\">\n\t\t\t\t<a class=\"elementor-post__thumbnail__link\" href=\"https:\/\/taxservice.net.pl\/en\/jak-wybrac-odpowiednie-biuro-rachunkowe-dla-malej-firmy-na-mokotowie\/\" tabindex=\"-1\" >\n\t\t\t<div class=\"elementor-post__thumbnail\"><img decoding=\"async\" width=\"300\" height=\"172\" src=\"https:\/\/taxservice.net.pl\/wp-content\/uploads\/2025\/01\/image002-300x172.jpg\" class=\"attachment-medium size-medium wp-image-1272\" alt=\"Jak wybra\u0107 odpowiednie biuro rachunkowe dla ma\u0142ej firmy na Mokotowie?\" srcset=\"https:\/\/taxservice.net.pl\/wp-content\/uploads\/2025\/01\/image002-300x172.jpg 300w, https:\/\/taxservice.net.pl\/wp-content\/uploads\/2025\/01\/image002-768x441.jpg 768w, https:\/\/taxservice.net.pl\/wp-content\/uploads\/2025\/01\/image002-18x10.jpg 18w, https:\/\/taxservice.net.pl\/wp-content\/uploads\/2025\/01\/image002.jpg 1024w\" sizes=\"(max-width: 300px) 100vw, 300px\" \/><\/div>\n\t\t<\/a>\n\t\t\t\t<div class=\"elementor-post__text\">\n\t\t\t\t<h3 class=\"elementor-post__title\">\n\t\t\t<a href=\"https:\/\/taxservice.net.pl\/en\/jak-wybrac-odpowiednie-biuro-rachunkowe-dla-malej-firmy-na-mokotowie\/\" >\n\t\t\t\tJak wybra\u0107 odpowiednie biuro rachunkowe dla ma\u0142ej firmy na Mokotowie?\t\t\t<\/a>\n\t\t<\/h3>\n\t\t\t\t<div class=\"elementor-post__excerpt\">\n\t\t\t<p>Decyzja o wyborze biura rachunkowego to kluczowy krok dla ka\u017cdego w\u0142a\u015bciciela ma\u0142ej firmy, zw\u0142aszcza na Mokotowie, gdzie przedsi\u0119biorcy maj\u0105 dost\u0119p do wielu opcji. Wyb\u00f3r odpowiedniego biura powinien by\u0107 \u015bwiadomy i oparty na dok\u0142adnym przeanalizowaniu istotnych<\/p>\n\t\t<\/div>\n\t\t\n\t\t<a class=\"elementor-post__read-more\" href=\"https:\/\/taxservice.net.pl\/en\/jak-wybrac-odpowiednie-biuro-rachunkowe-dla-malej-firmy-na-mokotowie\/\" aria-label=\"Read more about Jak wybra\u0107 odpowiednie biuro rachunkowe dla ma\u0142ej firmy na Mokotowie?\" tabindex=\"-1\" >\n\t\t\tCzytaj wi\u0119cej \u00bb\t\t<\/a>\n\n\t\t\t\t<\/div>\n\t\t\t\t<\/article>\n\t\t\t\t<article class=\"elementor-post elementor-grid-item post-1255 post type-post status-publish format-standard has-post-thumbnail hentry category-blog no-featured-image-padding\" role=\"listitem\">\n\t\t\t\t<a class=\"elementor-post__thumbnail__link\" href=\"https:\/\/taxservice.net.pl\/en\/jak-wybrac-najlepsze-uslugi-ksiegowe-w-warszawie-mokotow-i-uniknac-problemow\/\" tabindex=\"-1\" >\n\t\t\t<div class=\"elementor-post__thumbnail\"><img decoding=\"async\" width=\"300\" height=\"200\" src=\"https:\/\/taxservice.net.pl\/wp-content\/uploads\/2024\/12\/image008-300x200.jpg\" class=\"attachment-medium size-medium wp-image-1273\" alt=\"Jak wybra\u0107 najlepsze us\u0142ugi ksi\u0119gowe w Warszawie Mokot\u00f3w i unikn\u0105\u0107 problem\u00f3w?\" srcset=\"https:\/\/taxservice.net.pl\/wp-content\/uploads\/2024\/12\/image008-300x200.jpg 300w, https:\/\/taxservice.net.pl\/wp-content\/uploads\/2024\/12\/image008-768x512.jpg 768w, https:\/\/taxservice.net.pl\/wp-content\/uploads\/2024\/12\/image008-18x12.jpg 18w, https:\/\/taxservice.net.pl\/wp-content\/uploads\/2024\/12\/image008.jpg 1024w\" sizes=\"(max-width: 300px) 100vw, 300px\" \/><\/div>\n\t\t<\/a>\n\t\t\t\t<div class=\"elementor-post__text\">\n\t\t\t\t<h3 class=\"elementor-post__title\">\n\t\t\t<a href=\"https:\/\/taxservice.net.pl\/en\/jak-wybrac-najlepsze-uslugi-ksiegowe-w-warszawie-mokotow-i-uniknac-problemow\/\" >\n\t\t\t\tJak wybra\u0107 najlepsze us\u0142ugi ksi\u0119gowe w Warszawie Mokot\u00f3w i unikn\u0105\u0107 problem\u00f3w?\t\t\t<\/a>\n\t\t<\/h3>\n\t\t\t\t<div class=\"elementor-post__excerpt\">\n\t\t\t<p>Wyb\u00f3r odpowiedniego biura rachunkowego to kluczowy krok, kt\u00f3ry mo\u017ce zdecydowa\u0107 o sukcesie finansowym Twojej firmy. W dzielnicy Mokot\u00f3w, gdzie dzia\u0142alno\u015b\u0107 przedsi\u0119biorstw rozwija si\u0119 dynamicznie, warto po\u015bwi\u0119ci\u0107 czas na znalezienie partnera, kt\u00f3ry profesjonalnie zajmie si\u0119 sprawami<\/p>\n\t\t<\/div>\n\t\t\n\t\t<a class=\"elementor-post__read-more\" href=\"https:\/\/taxservice.net.pl\/en\/jak-wybrac-najlepsze-uslugi-ksiegowe-w-warszawie-mokotow-i-uniknac-problemow\/\" aria-label=\"Read more about Jak wybra\u0107 najlepsze us\u0142ugi ksi\u0119gowe w Warszawie Mokot\u00f3w i unikn\u0105\u0107 problem\u00f3w?\" tabindex=\"-1\" >\n\t\t\tCzytaj wi\u0119cej \u00bb\t\t<\/a>\n\n\t\t\t\t<\/div>\n\t\t\t\t<\/article>\n\t\t\t\t<article class=\"elementor-post elementor-grid-item post-1249 post type-post status-publish format-standard has-post-thumbnail hentry category-blog no-featured-image-padding\" role=\"listitem\">\n\t\t\t\t<a class=\"elementor-post__thumbnail__link\" href=\"https:\/\/taxservice.net.pl\/en\/jak-zyskac-spokoj-finansowy-dzieki-wspolpracy-z-biurem-rachunkowym-w-warszawie-mokotow\/\" tabindex=\"-1\" >\n\t\t\t<div class=\"elementor-post__thumbnail\"><img loading=\"lazy\" decoding=\"async\" width=\"300\" height=\"219\" src=\"https:\/\/taxservice.net.pl\/wp-content\/uploads\/2024\/10\/image003-300x219.jpg\" class=\"attachment-medium size-medium wp-image-1278\" alt=\"Jak zyska\u0107 spok\u00f3j finansowy dzi\u0119ki wsp\u00f3\u0142pracy z biurem rachunkowym w Warszawie Mokot\u00f3w?\" srcset=\"https:\/\/taxservice.net.pl\/wp-content\/uploads\/2024\/10\/image003-300x219.jpg 300w, https:\/\/taxservice.net.pl\/wp-content\/uploads\/2024\/10\/image003-768x560.jpg 768w, https:\/\/taxservice.net.pl\/wp-content\/uploads\/2024\/10\/image003-16x12.jpg 16w, https:\/\/taxservice.net.pl\/wp-content\/uploads\/2024\/10\/image003.jpg 1024w\" sizes=\"(max-width: 300px) 100vw, 300px\" \/><\/div>\n\t\t<\/a>\n\t\t\t\t<div class=\"elementor-post__text\">\n\t\t\t\t<h3 class=\"elementor-post__title\">\n\t\t\t<a href=\"https:\/\/taxservice.net.pl\/en\/jak-zyskac-spokoj-finansowy-dzieki-wspolpracy-z-biurem-rachunkowym-w-warszawie-mokotow\/\" >\n\t\t\t\tJak zyska\u0107 spok\u00f3j finansowy dzi\u0119ki wsp\u00f3\u0142pracy z biurem rachunkowym w Warszawie Mokot\u00f3w?\t\t\t<\/a>\n\t\t<\/h3>\n\t\t\t\t<div class=\"elementor-post__excerpt\">\n\t\t\t<p>Wyobra\u017a sobie pe\u0142en spok\u00f3j, kt\u00f3ry towarzyszy Ci, gdy wyzwania finansowe przestaj\u0105 by\u0107 problemem, poniewa\u017c obok Ciebie stoi wykwalifikowany zesp\u00f3\u0142 ekspert\u00f3w dbaj\u0105cych o Twoje interesy. Wsp\u00f3\u0142praca z profesjonalnym biurem rachunkowym na Mokotowie w Warszawie mo\u017ce by\u0107<\/p>\n\t\t<\/div>\n\t\t\n\t\t<a class=\"elementor-post__read-more\" href=\"https:\/\/taxservice.net.pl\/en\/jak-zyskac-spokoj-finansowy-dzieki-wspolpracy-z-biurem-rachunkowym-w-warszawie-mokotow\/\" aria-label=\"Read more about Jak zyska\u0107 spok\u00f3j finansowy dzi\u0119ki wsp\u00f3\u0142pracy z biurem rachunkowym w Warszawie Mokot\u00f3w?\" tabindex=\"-1\" >\n\t\t\tCzytaj wi\u0119cej \u00bb\t\t<\/a>\n\n\t\t\t\t<\/div>\n\t\t\t\t<\/article>\n\t\t\t\t<article class=\"elementor-post elementor-grid-item post-1246 post type-post status-publish format-standard has-post-thumbnail hentry category-blog no-featured-image-padding\" role=\"listitem\">\n\t\t\t\t<a class=\"elementor-post__thumbnail__link\" href=\"https:\/\/taxservice.net.pl\/en\/jak-zlecic-uslugi-ksiegowe-w-warszawie-mokotow-lokalnym-specjalistom-aby-uniknac-problemow\/\" tabindex=\"-1\" >\n\t\t\t<div class=\"elementor-post__thumbnail\"><img loading=\"lazy\" decoding=\"async\" width=\"300\" height=\"200\" src=\"https:\/\/taxservice.net.pl\/wp-content\/uploads\/2024\/10\/image005-300x200.jpg\" class=\"attachment-medium size-medium wp-image-1280\" alt=\"Jak zleci\u0107 us\u0142ugi ksi\u0119gowe w Warszawie Mokot\u00f3w lokalnym specjalistom, aby unikn\u0105\u0107 problem\u00f3w?\" srcset=\"https:\/\/taxservice.net.pl\/wp-content\/uploads\/2024\/10\/image005-300x200.jpg 300w, https:\/\/taxservice.net.pl\/wp-content\/uploads\/2024\/10\/image005-768x512.jpg 768w, https:\/\/taxservice.net.pl\/wp-content\/uploads\/2024\/10\/image005-18x12.jpg 18w, https:\/\/taxservice.net.pl\/wp-content\/uploads\/2024\/10\/image005.jpg 1024w\" sizes=\"(max-width: 300px) 100vw, 300px\" \/><\/div>\n\t\t<\/a>\n\t\t\t\t<div class=\"elementor-post__text\">\n\t\t\t\t<h3 class=\"elementor-post__title\">\n\t\t\t<a href=\"https:\/\/taxservice.net.pl\/en\/jak-zlecic-uslugi-ksiegowe-w-warszawie-mokotow-lokalnym-specjalistom-aby-uniknac-problemow\/\" >\n\t\t\t\tJak zleci\u0107 us\u0142ugi ksi\u0119gowe w Warszawie Mokot\u00f3w lokalnym specjalistom, aby unikn\u0105\u0107 problem\u00f3w?\t\t\t<\/a>\n\t\t<\/h3>\n\t\t\t\t<div class=\"elementor-post__excerpt\">\n\t\t\t<p>Czy zastanawia\u0142e\u015b si\u0119 kiedy\u015b, jak wybra\u0107 biuro rachunkowe, kt\u00f3re idealnie odpowie na Twoje potrzeby i upro\u015bci prowadzenie dzia\u0142alno\u015bci gospodarczej? Decyduj\u0105c si\u0119 na zlecenie us\u0142ug ksi\u0119gowych, warto postawi\u0107 na lokalnych ekspert\u00f3w, kt\u00f3rzy nie tylko doskonale znaj\u0105<\/p>\n\t\t<\/div>\n\t\t\n\t\t<a class=\"elementor-post__read-more\" href=\"https:\/\/taxservice.net.pl\/en\/jak-zlecic-uslugi-ksiegowe-w-warszawie-mokotow-lokalnym-specjalistom-aby-uniknac-problemow\/\" aria-label=\"Read more about Jak zleci\u0107 us\u0142ugi ksi\u0119gowe w Warszawie Mokot\u00f3w lokalnym specjalistom, aby unikn\u0105\u0107 problem\u00f3w?\" tabindex=\"-1\" >\n\t\t\tCzytaj wi\u0119cej \u00bb\t\t<\/a>\n\n\t\t\t\t<\/div>\n\t\t\t\t<\/article>\n\t\t\t\t<article class=\"elementor-post elementor-grid-item post-1242 post type-post status-publish format-standard has-post-thumbnail hentry category-blog no-featured-image-padding\" role=\"listitem\">\n\t\t\t\t<a class=\"elementor-post__thumbnail__link\" href=\"https:\/\/taxservice.net.pl\/en\/jak-biuro-rachunkowe-warszawa-mokotow-moze-wspierac-optymalizacje-kosztow-w-twojej-firmie\/\" tabindex=\"-1\" >\n\t\t\t<div class=\"elementor-post__thumbnail\"><img loading=\"lazy\" decoding=\"async\" width=\"300\" height=\"214\" src=\"https:\/\/taxservice.net.pl\/wp-content\/uploads\/2024\/10\/image006-300x214.jpg\" class=\"attachment-medium size-medium wp-image-1281\" alt=\"Jak biuro rachunkowe Warszawa Mokot\u00f3w mo\u017ce wspiera\u0107 optymalizacj\u0119 koszt\u00f3w w Twojej firmie?\" srcset=\"https:\/\/taxservice.net.pl\/wp-content\/uploads\/2024\/10\/image006-300x214.jpg 300w, https:\/\/taxservice.net.pl\/wp-content\/uploads\/2024\/10\/image006-768x548.jpg 768w, https:\/\/taxservice.net.pl\/wp-content\/uploads\/2024\/10\/image006-18x12.jpg 18w, https:\/\/taxservice.net.pl\/wp-content\/uploads\/2024\/10\/image006.jpg 1024w\" sizes=\"(max-width: 300px) 100vw, 300px\" \/><\/div>\n\t\t<\/a>\n\t\t\t\t<div class=\"elementor-post__text\">\n\t\t\t\t<h3 class=\"elementor-post__title\">\n\t\t\t<a href=\"https:\/\/taxservice.net.pl\/en\/jak-biuro-rachunkowe-warszawa-mokotow-moze-wspierac-optymalizacje-kosztow-w-twojej-firmie\/\" >\n\t\t\t\tJak biuro rachunkowe Warszawa Mokot\u00f3w mo\u017ce wspiera\u0107 optymalizacj\u0119 koszt\u00f3w w Twojej firmie?\t\t\t<\/a>\n\t\t<\/h3>\n\t\t\t\t<div class=\"elementor-post__excerpt\">\n\t\t\t<p>Optymalizacja koszt\u00f3w to jeden z kluczowych element\u00f3w zarz\u0105dzania finansami, kt\u00f3ry bezpo\u015brednio wp\u0142ywa na rentowno\u015b\u0107 i stabilno\u015b\u0107 finansow\u0105 przedsi\u0119biorstwa. W dynamicznie zmieniaj\u0105cym si\u0119 otoczeniu biznesowym, umiej\u0119tne zarz\u0105dzanie wydatkami i maksymalizacja efektywno\u015bci operacyjnej s\u0105 niezb\u0119dne dla utrzymania<\/p>\n\t\t<\/div>\n\t\t\n\t\t<a class=\"elementor-post__read-more\" href=\"https:\/\/taxservice.net.pl\/en\/jak-biuro-rachunkowe-warszawa-mokotow-moze-wspierac-optymalizacje-kosztow-w-twojej-firmie\/\" aria-label=\"Read more about Jak biuro rachunkowe Warszawa Mokot\u00f3w mo\u017ce wspiera\u0107 optymalizacj\u0119 koszt\u00f3w w Twojej firmie?\" tabindex=\"-1\" >\n\t\t\tCzytaj wi\u0119cej \u00bb\t\t<\/a>\n\n\t\t\t\t<\/div>\n\t\t\t\t<\/article>\n\t\t\t\t<\/div>\n\t\t\n\t\t\t\t<div class=\"e-load-more-anchor\" data-page=\"1\" data-max-page=\"3\" data-next-page=\"https:\/\/taxservice.net.pl\/en\/wp-json\/wp\/v2\/pages\/1118\/page\/2\/\"><\/div>\n\t\t\t\t<nav class=\"elementor-pagination\" aria-label=\"Pagination\">\n\t\t\t<span aria-current=\"page\" class=\"page-numbers current\"><span class=\"elementor-screen-only\">Page<\/span>1<\/span>\n<a class=\"page-numbers\" href=\"https:\/\/taxservice.net.pl\/en\/wp-json\/wp\/v2\/pages\/1118\/page\/2\/\"><span class=\"elementor-screen-only\">Page<\/span>2<\/a>\n<a class=\"page-numbers\" href=\"https:\/\/taxservice.net.pl\/en\/wp-json\/wp\/v2\/pages\/1118\/page\/3\/\"><span class=\"elementor-screen-only\">Page<\/span>3<\/a>\t\t<\/nav>\n\t\t\t\t\t\t<\/div>\n\t\t\t\t<\/div>\n\t\t\t\t\t<\/div>\n\t\t<\/div>\n\t\t\t\t\t<\/div>\n\t\t<\/section>\n\t\t\t\t<\/div>","protected":false},"excerpt":{"rendered":"","protected":false},"author":3,"featured_media":0,"parent":0,"menu_order":0,"comment_status":"closed","ping_status":"closed","template":"","meta":{"inline_featured_image":false,"footnotes":""},"class_list":["post-1118","page","type-page","status-publish","hentry","no-featured-image-padding"],"_links":{"self":[{"href":"https:\/\/taxservice.net.pl\/en\/wp-json\/wp\/v2\/pages\/1118","targetHints":{"allow":["GET"]}}],"collection":[{"href":"https:\/\/taxservice.net.pl\/en\/wp-json\/wp\/v2\/pages"}],"about":[{"href":"https:\/\/taxservice.net.pl\/en\/wp-json\/wp\/v2\/types\/page"}],"author":[{"embeddable":true,"href":"https:\/\/taxservice.net.pl\/en\/wp-json\/wp\/v2\/users\/3"}],"replies":[{"embeddable":true,"href":"https:\/\/taxservice.net.pl\/en\/wp-json\/wp\/v2\/comments?post=1118"}],"version-history":[{"count":4,"href":"https:\/\/taxservice.net.pl\/en\/wp-json\/wp\/v2\/pages\/1118\/revisions"}],"predecessor-version":[{"id":1122,"href":"https:\/\/taxservice.net.pl\/en\/wp-json\/wp\/v2\/pages\/1118\/revisions\/1122"}],"wp:attachment":[{"href":"https:\/\/taxservice.net.pl\/en\/wp-json\/wp\/v2\/media?parent=1118"}],"curies":[{"name":"wp","href":"https:\/\/api.w.org\/{rel}","templated":true}]}}